{"id":1089,"date":"2013-08-06T20:13:19","date_gmt":"2013-08-07T00:13:19","guid":{"rendered":"https:\/\/ca.exorollingpapers.com\/accueil\/"},"modified":"2026-03-25T18:15:13","modified_gmt":"2026-03-25T22:15:13","slug":"accueil","status":"publish","type":"page","link":"https:\/\/ca.exorollingpapers.com\/fr\/","title":{"rendered":"Accueil"},"content":{"rendered":"\n<div class=\"row\"  id=\"row-2118224459\">\n\n\n\t<div id=\"col-1384475763\" class=\"col small-12 large-12\"  >\n\t\t\t\t<div class=\"col-inner\"  >\n\t\t\t\n\t\t\t\n\n<div class=\"slider-wrapper relative\" id=\"slider-1088357178\" >\n    <div class=\"slider slider-nav-circle slider-nav-large slider-nav-light slider-style-normal\"\n        data-flickity-options='{\n            \"cellAlign\": \"center\",\n            \"imagesLoaded\": true,\n            \"lazyLoad\": 1,\n            \"freeScroll\": false,\n            \"wrapAround\": true,\n            \"autoPlay\": 6000,\n            \"pauseAutoPlayOnHover\" : true,\n            \"prevNextButtons\": true,\n            \"contain\" : true,\n            \"adaptiveHeight\" : true,\n            \"dragThreshold\" : 10,\n            \"percentPosition\": true,\n            \"pageDots\": true,\n            \"rightToLeft\": false,\n            \"draggable\": true,\n            \"selectedAttraction\": 0.1,\n            \"parallax\" : 0,\n            \"friction\": 0.6        }'\n        >\n        \n\n\n  <div class=\"banner has-hover\" id=\"banner-1622726774\">\n          <div class=\"banner-inner fill\">\n        <div class=\"banner-bg fill\" >\n            <img loading=\"lazy\" decoding=\"async\" width=\"1020\" height=\"680\" src=\"https:\/\/ca.exorollingpapers.com\/wp-content\/uploads\/EXO-1200x800-0005.jpg\" class=\"bg attachment-large size-large\" alt=\"\" \/>                                    \n                    <\/div>\n\t\t\n        <div class=\"banner-layers container\">\n            <div class=\"fill banner-link\"><\/div>            \n\n\n        <\/div>\n      <\/div>\n\n            \n<style>\n#banner-1622726774 {\n  padding-top: 300px;\n}\n#banner-1622726774 .overlay {\n  background-color: rgba(0, 0, 0, 0.174);\n}\n#banner-1622726774 .banner-bg img {\n  object-position: 81% 44%;\n}\n@media (min-width:550px) {\n  #banner-1622726774 {\n    padding-top: 500px;\n  }\n}\n<\/style>\n  <\/div>\n\n\n\n  <div class=\"banner has-hover\" id=\"banner-1405339440\">\n          <div class=\"banner-inner fill\">\n        <div class=\"banner-bg fill\" >\n            <img loading=\"lazy\" decoding=\"async\" width=\"1020\" height=\"680\" src=\"https:\/\/ca.exorollingpapers.com\/wp-content\/uploads\/EXO-1200x800-0001.jpg\" class=\"bg attachment-large size-large\" alt=\"\" \/>                                    \n                    <\/div>\n\t\t\n        <div class=\"banner-layers container\">\n            <div class=\"fill banner-link\"><\/div>            \n\n\n        <\/div>\n      <\/div>\n\n            \n<style>\n#banner-1405339440 {\n  padding-top: 300px;\n}\n#banner-1405339440 .banner-bg img {\n  object-position: 81% 44%;\n}\n@media (min-width:550px) {\n  #banner-1405339440 {\n    padding-top: 500px;\n  }\n}\n<\/style>\n  <\/div>\n\n\n\n  <div class=\"banner has-hover\" id=\"banner-934496163\">\n          <div class=\"banner-inner fill\">\n        <div class=\"banner-bg fill\" >\n            <img loading=\"lazy\" decoding=\"async\" width=\"1020\" height=\"680\" src=\"https:\/\/ca.exorollingpapers.com\/wp-content\/uploads\/EXO-1200x800-0003.jpg\" class=\"bg attachment-large size-large\" alt=\"\" \/>                                    \n                    <\/div>\n\t\t\n        <div class=\"banner-layers container\">\n            <div class=\"fill banner-link\"><\/div>            \n\n\n        <\/div>\n      <\/div>\n\n            \n<style>\n#banner-934496163 {\n  padding-top: 300px;\n}\n#banner-934496163 .banner-bg img {\n  object-position: 81% 44%;\n}\n@media (min-width:550px) {\n  #banner-934496163 {\n    padding-top: 500px;\n  }\n}\n<\/style>\n  <\/div>\n\n\n\n     <\/div>\n\n     <div class=\"loading-spin dark large centered\"><\/div>\n\n\t<\/div>\n\n\n\n\t\t<\/div>\n\t\t\t\t\t<\/div>\n\n\t\n\n<\/div>\n<div class=\"row\"  id=\"row-186387625\">\n\n\n\t<div id=\"col-864066037\" class=\"col small-12 large-12\"  >\n\t\t\t\t<div class=\"col-inner text-shadow-1\" style=\"background-color:rgb(0,0,0);\" >\n\t\t\t\n\t\t\t\n\n\t<div id=\"text-1455569386\" class=\"text hide-for-small\">\n\t\t\n\n<p style=\"text-align: center;\"><span style=\"font-size: 100%;\"><strong><a href=\"https:\/\/ca.exorollingpapers.com\/wp-content\/uploads\/EXO_Weed-Leaf-1.svg\"><img decoding=\"async\" class=\"alignnone wp-image-14848\" src=\"https:\/\/ca.exorollingpapers.com\/wp-content\/uploads\/EXO_Weed-Leaf-1.svg\" alt=\"\" width=\"140\"><\/a><\/strong><\/span><\/p>\n<p style=\"text-align: center;\"><span style=\"font-size: 100%;\"><strong><br><\/strong><\/span><span style=\"font-size: 350%;\"><strong>D\u00c9COUVRE <\/strong><strong>LA DIFF\u00c9RENCE EXO!<\/strong><\/span><\/p>\n<p style=\"text-align: center;\"><span style=\"color: #282828; font-size: 120%;\"><br><span style=\"font-size: 150%; color: #999999;\">Les meilleurs papiers \u00e0 rouler, c\u00f4nes et accessoires pour cannabis.<\/span><\/span><\/p>\n<p style=\"text-align: center;\"><span style=\"color: #999999; font-size: 120%;\"><strong><br><span style=\"font-size: 90%; color: #d26e4b;\">CE SITE EST R\u00c9SERV\u00c9 AUX PERSONNES \u00c2G\u00c9ES DE 21 ANS ET PLUS<\/span><\/strong><\/span><\/p>\n\t\t\n<style>\n#text-1455569386 {\n  font-size: 0.75rem;\n  line-height: 1.25;\n  text-align: center;\n  color: rgb(255,255,255);\n}\n#text-1455569386 > * {\n  color: rgb(255,255,255);\n}\n@media (min-width:550px) {\n  #text-1455569386 {\n    font-size: 0.9rem;\n    line-height: 0.75;\n  }\n}\n<\/style>\n\t<\/div>\n\t\n<div class=\"row row-small hide-for-small\"  id=\"row-2063965145\">\n\n\n\t<div id=\"col-135713498\" class=\"col medium-6 small-12 large-6\"  >\n\t\t\t\t<div class=\"col-inner\"  >\n\t\t\t\n\t\t\t\n\n<a href=\"https:\/\/ca.exorollingpapers.com\/fr\/categorie-produit\/papiers-a-rouler\/\" class=\"button primary is-larger expand\" >\n\t\t<span>BOUTIQUE<\/span>\n\t<\/a>\n\n\n\n\t\t<\/div>\n\t\t\t\t\n<style>\n#col-135713498 > .col-inner {\n  padding: 0px 0px 0px 40px;\n  margin: 25px 0px -20px 0px;\n}\n<\/style>\n\t<\/div>\n\n\t\n\n\t<div id=\"col-170598934\" class=\"col medium-6 small-12 large-6\"  >\n\t\t\t\t<div class=\"col-inner\"  >\n\t\t\t\n\t\t\t\n\n<a href=\"https:\/\/ca.exorollingpapers.com\/fr\/points-de-vente\/\" class=\"button primary is-larger expand\" >\n\t\t<span>POINTS DE VENTE<\/span>\n\t<\/a>\n\n\n\n\t\t<\/div>\n\t\t\t\t\n<style>\n#col-170598934 > .col-inner {\n  padding: 0px 40px 0px 0px;\n  margin: 25px 0px -20px 0px;\n}\n<\/style>\n\t<\/div>\n\n\t\n\n<\/div>\n\t<div id=\"text-1023596759\" class=\"text show-for-medium\">\n\t\t\n\n<p style=\"text-align: center;\"><span style=\"font-size: 100%;\"><strong><a href=\"https:\/\/ca.exorollingpapers.com\/wp-content\/uploads\/EXO_Weed-Leaf-1.svg\"><img decoding=\"async\" class=\"alignnone wp-image-14848\" src=\"https:\/\/ca.exorollingpapers.com\/wp-content\/uploads\/EXO_Weed-Leaf-1.svg\" alt=\"\" width=\"140\"><\/a><\/strong><\/span><\/p>\n<p style=\"text-align: center;\"><span style=\"font-size: 180%;\"><strong>D\u00c9COUVRE <\/strong><br><strong>LA DIFF\u00c9RENCE EXO!<\/strong><\/span><\/p>\n<p style=\"text-align: center;\"><span style=\"color: #c0c0c0; font-size: 120%;\">Les meilleurs papiers \u00e0 rouler, c\u00f4nes<br>et accessoires pour cannabis.<\/span><\/p>\n<p style=\"text-align: center;\"><span style=\"color: #d26e4b; font-size: 80%;\"><strong>CE SITE EST R\u00c9SERV\u00c9 AUX<br>PERSONNES \u00c2G\u00c9ES DE 21 ANS ET PLUS.<\/strong><\/span><\/p>\n<p style=\"text-align: center;\"><span style=\"color: #333333;\"><strong> <\/strong><\/span><\/p>\n\t\t\n<style>\n#text-1023596759 {\n  font-size: 0.95rem;\n  line-height: 1.25;\n  text-align: center;\n  color: rgb(255, 255, 255);\n}\n#text-1023596759 > * {\n  color: rgb(255, 255, 255);\n}\n<\/style>\n\t<\/div>\n\t\n<div class=\"row row-small show-for-medium\"  id=\"row-1166707432\">\n\n\n\t<div id=\"col-1068710621\" class=\"col medium-6 small-12 large-6\"  >\n\t\t\t\t<div class=\"col-inner\"  >\n\t\t\t\n\t\t\t\n\n<a href=\"https:\/\/ca.exorollingpapers.com\/fr\/categorie-produit\/papiers-a-rouler\/\" class=\"button primary is-larger expand\" >\n\t\t<span>BOUTIQUE<\/span>\n\t<\/a>\n\n\n\n\t\t<\/div>\n\t\t\t\t\n<style>\n#col-1068710621 > .col-inner {\n  padding: 0px 25px 0px 25px;\n  margin: -25px 0px -25px 0px;\n}\n@media (min-width:550px) {\n  #col-1068710621 > .col-inner {\n    padding: 0px 25px 0px 0px;\n  }\n}\n<\/style>\n\t<\/div>\n\n\t\n\n\t<div id=\"col-756378314\" class=\"col medium-6 small-12 large-6\"  >\n\t\t\t\t<div class=\"col-inner\"  >\n\t\t\t\n\t\t\t\n\n<a href=\"https:\/\/ca.exorollingpapers.com\/fr\/points-de-vente\/\" class=\"button primary is-larger expand\" >\n\t\t<span>POINTS DE VENTE<\/span>\n\t<\/a>\n\n\n\n\t\t<\/div>\n\t\t\t\t\n<style>\n#col-756378314 > .col-inner {\n  padding: 0px 25px 0px 25px;\n  margin: 0px 0px -25px 0px;\n}\n<\/style>\n\t<\/div>\n\n\t\n\n<\/div>\n\n\t\t<\/div>\n\t\t\t\t\n<style>\n#col-864066037 > .col-inner {\n  padding: 30px 0px 20px 0px;\n  margin: 0px 0px 0px 0px;\n}\n@media (min-width:550px) {\n  #col-864066037 > .col-inner {\n    padding: 40px 0px 20px 0px;\n  }\n}\n<\/style>\n\t<\/div>\n\n\t\n\n<\/div>\n<div class=\"row align-equal\"  id=\"row-686027600\">\n\n\n\t<div id=\"col-1379193242\" class=\"col medium-4 small-12 large-4\"  >\n\t\t\t\t<div class=\"col-inner\"  >\n\t\t\t\n\t\t\t\n\n\t<div class=\"img has-hover x md-x lg-x y md-y lg-y\" id=\"image_1606547636\">\n\t\t<a class=\"\" href=\"https:\/\/ca.exorollingpapers.com\/fr\/categorie-produit\/papiers-a-rouler\/\" >\t\t\t\t\t\t<div class=\"img-inner dark\" >\n\t\t\t<img loading=\"lazy\" decoding=\"async\" width=\"1020\" height=\"1020\" src=\"https:\/\/ca.exorollingpapers.com\/wp-content\/uploads\/EXO_FB_Canada1_FR-2.png\" class=\"attachment-large size-large\" alt=\"\" srcset=\"https:\/\/ca.exorollingpapers.com\/wp-content\/uploads\/EXO_FB_Canada1_FR-2.png 1238w, https:\/\/ca.exorollingpapers.com\/wp-content\/uploads\/EXO_FB_Canada1_FR-2-800x800.png 800w, https:\/\/ca.exorollingpapers.com\/wp-content\/uploads\/EXO_FB_Canada1_FR-2-300x300.png 300w, https:\/\/ca.exorollingpapers.com\/wp-content\/uploads\/EXO_FB_Canada1_FR-2-768x768.png 768w, https:\/\/ca.exorollingpapers.com\/wp-content\/uploads\/EXO_FB_Canada1_FR-2-600x600.png 600w, https:\/\/ca.exorollingpapers.com\/wp-content\/uploads\/EXO_FB_Canada1_FR-2-1200x1200.png 1200w, https:\/\/ca.exorollingpapers.com\/wp-content\/uploads\/EXO_FB_Canada1_FR-2-100x100.png 100w\" sizes=\"auto, (max-width: 1020px) 100vw, 1020px\" \/>\t\t\t\t\t\t\n\t\t\t\t\t<\/div>\n\t\t\t\t\t\t<\/a>\t\t\n<style>\n#image_1606547636 {\n  width: 100%;\n}\n<\/style>\n\t<\/div>\n\t\n\n\n\t\t<\/div>\n\t\t\t\t\n<style>\n#col-1379193242 > .col-inner {\n  margin: 0px 0px 0px 0px;\n}\n@media (min-width:550px) {\n  #col-1379193242 > .col-inner {\n    margin: 0px 0px -60px 0px;\n  }\n}\n<\/style>\n\t<\/div>\n\n\t\n\n\t<div id=\"col-892440779\" class=\"col medium-4 small-12 large-4\"  >\n\t\t\t\t<div class=\"col-inner\"  >\n\t\t\t\n\t\t\t\n\n\t<div class=\"img has-hover x md-x lg-x y md-y lg-y\" id=\"image_160104598\">\n\t\t<a class=\"\" href=\"https:\/\/ca.exorollingpapers.com\/fr\/contest-las-vegas-2026\/\" >\t\t\t\t\t\t<div class=\"img-inner dark\" >\n\t\t\t<img loading=\"lazy\" decoding=\"async\" width=\"1020\" height=\"1020\" src=\"https:\/\/ca.exorollingpapers.com\/wp-content\/uploads\/Contest-LasVegas-2026-Image-FR-1200-4.png\" class=\"attachment-large size-large\" alt=\"\" srcset=\"https:\/\/ca.exorollingpapers.com\/wp-content\/uploads\/Contest-LasVegas-2026-Image-FR-1200-4.png 1200w, https:\/\/ca.exorollingpapers.com\/wp-content\/uploads\/Contest-LasVegas-2026-Image-FR-1200-4-800x800.png 800w, https:\/\/ca.exorollingpapers.com\/wp-content\/uploads\/Contest-LasVegas-2026-Image-FR-1200-4-300x300.png 300w, https:\/\/ca.exorollingpapers.com\/wp-content\/uploads\/Contest-LasVegas-2026-Image-FR-1200-4-768x768.png 768w, https:\/\/ca.exorollingpapers.com\/wp-content\/uploads\/Contest-LasVegas-2026-Image-FR-1200-4-600x600.png 600w, https:\/\/ca.exorollingpapers.com\/wp-content\/uploads\/Contest-LasVegas-2026-Image-FR-1200-4-100x100.png 100w\" sizes=\"auto, (max-width: 1020px) 100vw, 1020px\" \/>\t\t\t\t\t\t\n\t\t\t\t\t<\/div>\n\t\t\t\t\t\t<\/a>\t\t\n<style>\n#image_160104598 {\n  width: 100%;\n}\n<\/style>\n\t<\/div>\n\t\n\n\n\t\t<\/div>\n\t\t\t\t\n<style>\n#col-892440779 > .col-inner {\n  margin: 0px 0px 0px 0px;\n}\n@media (min-width:550px) {\n  #col-892440779 > .col-inner {\n    margin: 0px 0px -60px 0px;\n  }\n}\n<\/style>\n\t<\/div>\n\n\t\n\n\t<div id=\"col-1306361006\" class=\"col medium-4 small-12 large-4\"  >\n\t\t\t\t<div class=\"col-inner\"  >\n\t\t\t\n\t\t\t\n\n\t<div class=\"img has-hover x md-x lg-x y md-y lg-y\" id=\"image_253003155\">\n\t\t<a class=\"\" href=\"https:\/\/ca.exorollingpapers.com\/fr\/points-de-vente\/\" >\t\t\t\t\t\t<div class=\"img-inner dark\" >\n\t\t\t<img loading=\"lazy\" decoding=\"async\" width=\"1020\" height=\"1020\" src=\"https:\/\/ca.exorollingpapers.com\/wp-content\/uploads\/EXO_FIND_RETAILER-FR.png\" class=\"attachment-large size-large\" alt=\"\" srcset=\"https:\/\/ca.exorollingpapers.com\/wp-content\/uploads\/EXO_FIND_RETAILER-FR.png 1200w, https:\/\/ca.exorollingpapers.com\/wp-content\/uploads\/EXO_FIND_RETAILER-FR-800x800.png 800w, https:\/\/ca.exorollingpapers.com\/wp-content\/uploads\/EXO_FIND_RETAILER-FR-300x300.png 300w, https:\/\/ca.exorollingpapers.com\/wp-content\/uploads\/EXO_FIND_RETAILER-FR-768x768.png 768w, https:\/\/ca.exorollingpapers.com\/wp-content\/uploads\/EXO_FIND_RETAILER-FR-600x600.png 600w, https:\/\/ca.exorollingpapers.com\/wp-content\/uploads\/EXO_FIND_RETAILER-FR-100x100.png 100w\" sizes=\"auto, (max-width: 1020px) 100vw, 1020px\" \/>\t\t\t\t\t\t\n\t\t\t\t\t<\/div>\n\t\t\t\t\t\t<\/a>\t\t\n<style>\n#image_253003155 {\n  width: 100%;\n}\n<\/style>\n\t<\/div>\n\t\n\n\n\t\t<\/div>\n\t\t\t\t\n<style>\n#col-1306361006 > .col-inner {\n  margin: 0px 0px -50px 0px;\n}\n@media (min-width:550px) {\n  #col-1306361006 > .col-inner {\n    margin: 0px 0px -60px 0px;\n  }\n}\n<\/style>\n\t<\/div>\n\n\t\n\n<\/div>\n\n\n","protected":false},"excerpt":{"rendered":"","protected":false},"author":1,"featured_media":1025,"parent":0,"menu_order":1,"comment_status":"closed","ping_status":"closed","template":"","meta":{"footnotes":""},"class_list":["post-1089","page","type-page","status-publish","has-post-thumbnail","hentry"],"_links":{"self":[{"href":"https:\/\/ca.exorollingpapers.com\/fr\/wp-json\/wp\/v2\/pages\/1089","targetHints":{"allow":["GET"]}}],"collection":[{"href":"https:\/\/ca.exorollingpapers.com\/fr\/wp-json\/wp\/v2\/pages"}],"about":[{"href":"https:\/\/ca.exorollingpapers.com\/fr\/wp-json\/wp\/v2\/types\/page"}],"author":[{"embeddable":true,"href":"https:\/\/ca.exorollingpapers.com\/fr\/wp-json\/wp\/v2\/users\/1"}],"replies":[{"embeddable":true,"href":"https:\/\/ca.exorollingpapers.com\/fr\/wp-json\/wp\/v2\/comments?post=1089"}],"version-history":[{"count":167,"href":"https:\/\/ca.exorollingpapers.com\/fr\/wp-json\/wp\/v2\/pages\/1089\/revisions"}],"predecessor-version":[{"id":17056,"href":"https:\/\/ca.exorollingpapers.com\/fr\/wp-json\/wp\/v2\/pages\/1089\/revisions\/17056"}],"wp:featuredmedia":[{"embeddable":true,"href":"https:\/\/ca.exorollingpapers.com\/fr\/wp-json\/wp\/v2\/media\/1025"}],"wp:attachment":[{"href":"https:\/\/ca.exorollingpapers.com\/fr\/wp-json\/wp\/v2\/media?parent=1089"}],"curies":[{"name":"wp","href":"https:\/\/api.w.org\/{rel}","templated":true}]}}