{"id":1116,"date":"2022-08-08T14:31:12","date_gmt":"2022-08-08T18:31:12","guid":{"rendered":"https:\/\/ca.exorollingpapers.com\/contact\/"},"modified":"2024-10-27T09:11:52","modified_gmt":"2024-10-27T13:11:52","slug":"contact","status":"publish","type":"page","link":"https:\/\/ca.exorollingpapers.com\/fr\/contact\/","title":{"rendered":"Contact"},"content":{"rendered":"\n<div class=\"row\"  id=\"row-62548667\">\n\n\n\t<div id=\"col-2116351776\" class=\"col medium-6 small-12 large-6\"  >\n\t\t\t\t<div class=\"col-inner\"  >\n\t\t\t\n\t\t\t\n\n<h3><strong>Comment pouvons-nous vous aider ?<\/strong><\/h3>\n<p>Pour toute question, information ou commentaire, vous pouvez communiquer avec nous via notre formulaire de contact ou par courriel, t\u00e9l\u00e9phone ou courrier.<\/p>\n<p><span style=\"font-weight: 400;\">Pour un retour de marchandise, compl\u00e9ter une <a href=\"https:\/\/ca.exorollingpapers.com\/fr\/retour\/\"><strong>demande de retour<\/strong><\/a>.<\/span><\/p>\n<p><span style=\"font-weight: 400;\">Vous pouvez \u00e9galement consulter notre section <a href=\"https:\/\/ca.exorollingpapers.com\/fr\/faq\/\"><strong>foire aux questions<\/strong><\/a> qui contient la plupart des r\u00e9ponses aux questions fr\u00e9quemment pos\u00e9es.<\/span><\/p>\n\t<div class=\"img has-hover x md-x lg-x y md-y lg-y\" id=\"image_1560029454\">\n\t\t\t\t\t\t\t\t<div class=\"img-inner dark\" >\n\t\t\t<img loading=\"lazy\" decoding=\"async\" width=\"800\" height=\"450\" src=\"https:\/\/ca.exorollingpapers.com\/wp-content\/uploads\/2022\/12\/EXO-800x450-00002.jpg\" class=\"attachment-large size-large\" alt=\"\" srcset=\"https:\/\/ca.exorollingpapers.com\/wp-content\/uploads\/2022\/12\/EXO-800x450-00002.jpg 800w, https:\/\/ca.exorollingpapers.com\/wp-content\/uploads\/2022\/12\/EXO-800x450-00002-600x338.jpg 600w, https:\/\/ca.exorollingpapers.com\/wp-content\/uploads\/2022\/12\/EXO-800x450-00002-711x400.jpg 711w, https:\/\/ca.exorollingpapers.com\/wp-content\/uploads\/2022\/12\/EXO-800x450-00002-768x432.jpg 768w\" sizes=\"auto, (max-width: 800px) 100vw, 800px\" \/>\t\t\t\t\t\t\n\t\t\t\t\t<\/div>\n\t\t\t\t\t\t\t\t\n<style>\n#image_1560029454 {\n  width: 100%;\n}\n<\/style>\n\t<\/div>\n\t\n\n\n\t\t<\/div>\n\t\t\t\t\t<\/div>\n\n\t\n\n\t<div id=\"col-492724943\" class=\"col medium-6 small-12 large-6\"  >\n\t\t\t\t<div class=\"col-inner\"  >\n\t\t\t\n\t\t\t\n\n<h4><strong>CONTACTEZ-NOUS<\/strong><\/h4>\n\t<div id=\"gap-185242433\" class=\"gap-element clearfix\" style=\"display:block; height:auto;\">\n\t\t\n<style>\n#gap-185242433 {\n  padding-top: 10px;\n}\n<\/style>\n\t<\/div>\n\t\n\n<div class=\"accordion\">\n\n\t<div id=\"accordion-4263539627\" class=\"accordion-item\">\n\t\t<a id=\"accordion-4263539627-label\" class=\"accordion-title plain active\" href=\"#accordion-item-formulaire-de-contact\" aria-expanded=\"true\" aria-controls=\"accordion-4263539627-content\">\n\t\t\t<button class=\"toggle\" aria-label=\"Basculer\"><i class=\"icon-angle-down\" aria-hidden=\"true\"><\/i><\/button>\n\t\t\t<span>Formulaire de contact<\/span>\n\t\t<\/a>\n\t\t<div id=\"accordion-4263539627-content\" class=\"accordion-inner\" style=\"display: block;\" aria-labelledby=\"accordion-4263539627-label\">\n\t\t\t\n\n\n<div class=\"wpcf7 no-js\" id=\"wpcf7-f1250-o1\" lang=\"fr-FR\" dir=\"ltr\" data-wpcf7-id=\"1250\">\n<div class=\"screen-reader-response\"><p role=\"status\" aria-live=\"polite\" aria-atomic=\"true\"><\/p> <ul><\/ul><\/div>\n<form action=\"\/fr\/wp-json\/wp\/v2\/pages\/1116#wpcf7-f1250-o1\" method=\"post\" class=\"wpcf7-form init\" aria-label=\"Formulaire de contact\" novalidate=\"novalidate\" data-status=\"init\">\n<fieldset class=\"hidden-fields-container\"><input type=\"hidden\" name=\"_wpcf7\" value=\"1250\" \/><input type=\"hidden\" name=\"_wpcf7_version\" value=\"6.1.5\" \/><input type=\"hidden\" name=\"_wpcf7_locale\" value=\"fr_FR\" \/><input type=\"hidden\" name=\"_wpcf7_unit_tag\" value=\"wpcf7-f1250-o1\" \/><input type=\"hidden\" name=\"_wpcf7_container_post\" value=\"0\" \/><input type=\"hidden\" name=\"_wpcf7_posted_data_hash\" value=\"\" \/><input type=\"hidden\" name=\"_wpcf7_recaptcha_response\" value=\"\" \/>\n<\/fieldset>\n<p><span class=\"wpcf7-form-control-wrap\" data-name=\"firstname1\"><input size=\"40\" maxlength=\"400\" class=\"wpcf7-form-control wpcf7-text wpcf7-validates-as-required\" aria-required=\"true\" aria-invalid=\"false\" placeholder=\"Pr\u00e9nom\" value=\"\" type=\"text\" name=\"firstname1\" \/><\/span>\n<\/p>\n<p><span class=\"wpcf7-form-control-wrap\" data-name=\"lastname1\"><input size=\"40\" maxlength=\"400\" class=\"wpcf7-form-control wpcf7-text wpcf7-validates-as-required\" aria-required=\"true\" aria-invalid=\"false\" placeholder=\"Nom\" value=\"\" type=\"text\" name=\"lastname1\" \/><\/span>\n<\/p>\n<p><span class=\"wpcf7-form-control-wrap\" data-name=\"email1\"><input size=\"40\" maxlength=\"400\" class=\"wpcf7-form-control wpcf7-email wpcf7-validates-as-required wpcf7-text wpcf7-validates-as-email\" aria-required=\"true\" aria-invalid=\"false\" placeholder=\"Courriel\" value=\"\" type=\"email\" name=\"email1\" \/><\/span>\n<\/p>\n<p><span class=\"wpcf7-form-control-wrap\" data-name=\"subject1\"><input size=\"40\" maxlength=\"400\" class=\"wpcf7-form-control wpcf7-text wpcf7-validates-as-required\" aria-required=\"true\" aria-invalid=\"false\" placeholder=\"Subjet\" value=\"\" type=\"text\" name=\"subject1\" \/><\/span>\n<\/p>\n<p><span class=\"wpcf7-form-control-wrap\" data-name=\"message1\"><textarea cols=\"40\" rows=\"10\" maxlength=\"2000\" class=\"wpcf7-form-control wpcf7-textarea\" aria-invalid=\"false\" placeholder=\"Message\" name=\"message1\"><\/textarea><\/span>\n<\/p>\n<p><input class=\"wpcf7-form-control wpcf7-submit has-spinner\" type=\"submit\" value=\"Soumettre\" \/>\n<\/p><div class=\"wpcf7-response-output\" aria-hidden=\"true\"><\/div>\n<\/form>\n<\/div>\n\n\n\n\t\t<\/div>\n\t<\/div>\n\t\n\t<div id=\"accordion-1763866867\" class=\"accordion-item\">\n\t\t<a id=\"accordion-1763866867-label\" class=\"accordion-title plain\" href=\"#accordion-item-courriel\" aria-expanded=\"false\" aria-controls=\"accordion-1763866867-content\">\n\t\t\t<button class=\"toggle\" aria-label=\"Basculer\"><i class=\"icon-angle-down\" aria-hidden=\"true\"><\/i><\/button>\n\t\t\t<span>Courriel<\/span>\n\t\t<\/a>\n\t\t<div id=\"accordion-1763866867-content\" class=\"accordion-inner\" aria-labelledby=\"accordion-1763866867-label\">\n\t\t\t\n\n<p><span style=\"font-weight: 400;\">contact-ca@exorollingpapers.com<\/span><\/p>\n\n\t\t<\/div>\n\t<\/div>\n\t\n\t<div id=\"accordion-1107492900\" class=\"accordion-item\">\n\t\t<a id=\"accordion-1107492900-label\" class=\"accordion-title plain\" href=\"#accordion-item-t\u00e9l\u00e9phone\" aria-expanded=\"false\" aria-controls=\"accordion-1107492900-content\">\n\t\t\t<button class=\"toggle\" aria-label=\"Basculer\"><i class=\"icon-angle-down\" aria-hidden=\"true\"><\/i><\/button>\n\t\t\t<span>T\u00e9l\u00e9phone<\/span>\n\t\t<\/a>\n\t\t<div id=\"accordion-1107492900-content\" class=\"accordion-inner\" aria-labelledby=\"accordion-1107492900-label\">\n\t\t\t\n\n<p><span style=\"font-weight: 400;\">1-833-269-8965<\/span><\/p>\n\n\t\t<\/div>\n\t<\/div>\n\t\n\t<div id=\"accordion-2839999801\" class=\"accordion-item\">\n\t\t<a id=\"accordion-2839999801-label\" class=\"accordion-title plain\" href=\"#accordion-item-courrier\" aria-expanded=\"false\" aria-controls=\"accordion-2839999801-content\">\n\t\t\t<button class=\"toggle\" aria-label=\"Basculer\"><i class=\"icon-angle-down\" aria-hidden=\"true\"><\/i><\/button>\n\t\t\t<span>Courrier<\/span>\n\t\t<\/a>\n\t\t<div id=\"accordion-2839999801-content\" class=\"accordion-inner\" aria-labelledby=\"accordion-2839999801-label\">\n\t\t\t\n\n<p><span style=\"font-size: 90%;\"><strong>EXO ROLLING PAPERS CANADA<\/strong><\/span><br><span style=\"font-size: 95%;\">POB 5005 STN<\/span> Sainte-Ang\u00e9lique<br>Saint-Lazare QC J7T 0H4<\/p>\n\n\t\t<\/div>\n\t<\/div>\n\t\n\n<\/div>\n\n\t\t<\/div>\n\t\t\t\t\t<\/div>\n\n\t\n\n<\/div>\n\n","protected":false},"excerpt":{"rendered":"","protected":false},"author":1,"featured_media":0,"parent":0,"menu_order":0,"comment_status":"closed","ping_status":"closed","template":"","meta":{"footnotes":""},"class_list":["post-1116","page","type-page","status-publish","hentry"],"_links":{"self":[{"href":"https:\/\/ca.exorollingpapers.com\/fr\/wp-json\/wp\/v2\/pages\/1116","targetHints":{"allow":["GET"]}}],"collection":[{"href":"https:\/\/ca.exorollingpapers.com\/fr\/wp-json\/wp\/v2\/pages"}],"about":[{"href":"https:\/\/ca.exorollingpapers.com\/fr\/wp-json\/wp\/v2\/types\/page"}],"author":[{"embeddable":true,"href":"https:\/\/ca.exorollingpapers.com\/fr\/wp-json\/wp\/v2\/users\/1"}],"replies":[{"embeddable":true,"href":"https:\/\/ca.exorollingpapers.com\/fr\/wp-json\/wp\/v2\/comments?post=1116"}],"version-history":[{"count":5,"href":"https:\/\/ca.exorollingpapers.com\/fr\/wp-json\/wp\/v2\/pages\/1116\/revisions"}],"predecessor-version":[{"id":11637,"href":"https:\/\/ca.exorollingpapers.com\/fr\/wp-json\/wp\/v2\/pages\/1116\/revisions\/11637"}],"wp:attachment":[{"href":"https:\/\/ca.exorollingpapers.com\/fr\/wp-json\/wp\/v2\/media?parent=1116"}],"curies":[{"name":"wp","href":"https:\/\/api.w.org\/{rel}","templated":true}]}}