{"id":1120,"date":"2022-08-08T14:46:30","date_gmt":"2022-08-08T18:46:30","guid":{"rendered":"https:\/\/ca.exorollingpapers.com\/faq\/"},"modified":"2023-10-26T12:59:59","modified_gmt":"2023-10-26T16:59:59","slug":"faq","status":"publish","type":"page","link":"https:\/\/ca.exorollingpapers.com\/fr\/faq\/","title":{"rendered":"FAQ"},"content":{"rendered":"\n<p><b>QUESTION \u00c0 SAVOIR<br><\/b>Nous avons rassembl\u00e9 ici les r\u00e9ponses aux questions les plus fr\u00e9quemment pos\u00e9es.<\/p>\n<div class=\"accordion\">\n\t<div id=\"accordion-2069357122\" class=\"accordion-item\">\n\t\t<a id=\"accordion-2069357122-label\" class=\"accordion-title plain\" href=\"#accordion-item-livraison\" aria-expanded=\"false\" aria-controls=\"accordion-2069357122-content\">\n\t\t\t<button class=\"toggle\" aria-label=\"Basculer\"><i class=\"icon-angle-down\" aria-hidden=\"true\"><\/i><\/button>\n\t\t\t<span>Livraison<\/span>\n\t\t<\/a>\n\t\t<div id=\"accordion-2069357122-content\" class=\"accordion-inner\" aria-labelledby=\"accordion-2069357122-label\">\n\t\t\t\n<p><span style=\"font-weight: 400;\">Toutes les commandes sont trait\u00e9es en un jour ouvrable et livr\u00e9es dans les 3 \u00e0 7 jours.<\/span><\/p>\n\t\t<\/div>\n\t<\/div>\n\t\n\t<div id=\"accordion-3076206723\" class=\"accordion-item\">\n\t\t<a id=\"accordion-3076206723-label\" class=\"accordion-title plain\" href=\"#accordion-item-retour\" aria-expanded=\"false\" aria-controls=\"accordion-3076206723-content\">\n\t\t\t<button class=\"toggle\" aria-label=\"Basculer\"><i class=\"icon-angle-down\" aria-hidden=\"true\"><\/i><\/button>\n\t\t\t<span>Retour<\/span>\n\t\t<\/a>\n\t\t<div id=\"accordion-3076206723-content\" class=\"accordion-inner\" aria-labelledby=\"accordion-3076206723-label\">\n\t\t\t\n<p>Tous les achats sont des ventes finales, aucun retour ne sera accept\u00e9 sauf pour les marchandises endommag\u00e9es ou non fonctionnelles. Pour effectuer un retour pour un \u00e9change ou un remboursement, il vous suffit de remplir une <a href=\"https:\/\/ca.exorollingpapers.com\/fr\/retour\/\"><strong>Demande de retour<\/strong><\/a> dans les 15 jours suivant l&#8217;achat.  Les frais de retour sont \u00e0 votre charge.<\/p>\n\t\t<\/div>\n\t<\/div>\n\t\n\t<div id=\"accordion-491174427\" class=\"accordion-item\">\n\t\t<a id=\"accordion-491174427-label\" class=\"accordion-title plain\" href=\"#accordion-item-mode-de-paiement\" aria-expanded=\"false\" aria-controls=\"accordion-491174427-content\">\n\t\t\t<button class=\"toggle\" aria-label=\"Basculer\"><i class=\"icon-angle-down\" aria-hidden=\"true\"><\/i><\/button>\n\t\t\t<span>Mode de paiement<\/span>\n\t\t<\/a>\n\t\t<div id=\"accordion-491174427-content\" class=\"accordion-inner\" aria-labelledby=\"accordion-491174427-label\">\n\t\t\t\n<p><span style=\"font-weight: 400;\">Nous acceptons la plupart des principales cartes de cr\u00e9dit, notamment Mastercard, Visa et American Express.<\/span><\/p>\n\t\t<\/div>\n\t<\/div>\n\t\n\t<div id=\"accordion-3086942518\" class=\"accordion-item\">\n\t\t<a id=\"accordion-3086942518-label\" class=\"accordion-title plain\" href=\"#accordion-item-politique-de-confidentialit\u00e9\" aria-expanded=\"false\" aria-controls=\"accordion-3086942518-content\">\n\t\t\t<button class=\"toggle\" aria-label=\"Basculer\"><i class=\"icon-angle-down\" aria-hidden=\"true\"><\/i><\/button>\n\t\t\t<span>Politique de confidentialit\u00e9<\/span>\n\t\t<\/a>\n\t\t<div id=\"accordion-3086942518-content\" class=\"accordion-inner\" aria-labelledby=\"accordion-3086942518-label\">\n\t\t\t\n<\/p>\n\t\t<\/div>\n\t<\/div>\n\t\n\t<div id=\"accordion-3919545014\" class=\"accordion-item\">\n\t\t<a id=\"accordion-3919545014-label\" class=\"accordion-title plain\" href=\"#accordion-item-modalit\u00e9s-et-conditions\" aria-expanded=\"false\" aria-controls=\"accordion-3919545014-content\">\n\t\t\t<button class=\"toggle\" aria-label=\"Basculer\"><i class=\"icon-angle-down\" aria-hidden=\"true\"><\/i><\/button>\n\t\t\t<span>Modalit\u00e9s et conditions<\/span>\n\t\t<\/a>\n\t\t<div id=\"accordion-3919545014-content\" class=\"accordion-inner\" aria-labelledby=\"accordion-3919545014-label\">\n\t\t\t\n\t\t<\/div>\n\t<\/div>\n\t\n<\/div>\n","protected":false},"excerpt":{"rendered":"","protected":false},"author":1,"featured_media":0,"parent":0,"menu_order":0,"comment_status":"closed","ping_status":"closed","template":"","meta":{"footnotes":""},"class_list":["post-1120","page","type-page","status-publish","hentry"],"_links":{"self":[{"href":"https:\/\/ca.exorollingpapers.com\/fr\/wp-json\/wp\/v2\/pages\/1120","targetHints":{"allow":["GET"]}}],"collection":[{"href":"https:\/\/ca.exorollingpapers.com\/fr\/wp-json\/wp\/v2\/pages"}],"about":[{"href":"https:\/\/ca.exorollingpapers.com\/fr\/wp-json\/wp\/v2\/types\/page"}],"author":[{"embeddable":true,"href":"https:\/\/ca.exorollingpapers.com\/fr\/wp-json\/wp\/v2\/users\/1"}],"replies":[{"embeddable":true,"href":"https:\/\/ca.exorollingpapers.com\/fr\/wp-json\/wp\/v2\/comments?post=1120"}],"version-history":[{"count":0,"href":"https:\/\/ca.exorollingpapers.com\/fr\/wp-json\/wp\/v2\/pages\/1120\/revisions"}],"wp:attachment":[{"href":"https:\/\/ca.exorollingpapers.com\/fr\/wp-json\/wp\/v2\/media?parent=1120"}],"curies":[{"name":"wp","href":"https:\/\/api.w.org\/{rel}","templated":true}]}}