{"id":1124,"date":"2022-08-08T14:31:40","date_gmt":"2022-08-08T18:31:40","guid":{"rendered":"https:\/\/ca.exorollingpapers.com\/infolettre\/"},"modified":"2024-10-03T15:20:36","modified_gmt":"2024-10-03T19:20:36","slug":"infolettre","status":"publish","type":"page","link":"https:\/\/ca.exorollingpapers.com\/fr\/infolettre\/","title":{"rendered":"Infolettre"},"content":{"rendered":"\n<div class=\"row\"  id=\"row-726769254\">\n\n\n\t<div id=\"col-309646647\" class=\"col medium-6 small-12 large-6\"  >\n\t\t\t\t<div class=\"col-inner\"  >\n\t\t\t\n\t\t\t\n\n<h3><strong>Restez inform\u00e9s et soyez privil\u00e9gi\u00e9s !<\/strong><\/h3>\n<p>Abonne-toi \u00e0 notre infolettre et re\u00e7ois des promotions exclusives et des informations sur nos concours, nos \u00e9v\u00e9nements et nos produits.<\/p>\n\t<div class=\"img has-hover x md-x lg-x y md-y lg-y\" id=\"image_482674364\">\n\t\t\t\t\t\t\t\t<div class=\"img-inner dark\" >\n\t\t\t<img loading=\"lazy\" decoding=\"async\" width=\"600\" height=\"400\" src=\"https:\/\/ca.exorollingpapers.com\/wp-content\/uploads\/EXO-600x400-0001.jpg\" class=\"attachment-large size-large\" alt=\"\" \/>\t\t\t\t\t\t\n\t\t\t\t\t<\/div>\n\t\t\t\t\t\t\t\t\n<style>\n#image_482674364 {\n  width: 100%;\n}\n<\/style>\n\t<\/div>\n\t\n\n\n\t\t<\/div>\n\t\t\t\t\t<\/div>\n\n\t\n\n\t<div id=\"col-384267574\" class=\"col medium-6 small-12 large-6\"  >\n\t\t\t\t<div class=\"col-inner\"  >\n\t\t\t\n\t\t\t\n\n<h4>ABONNE-TOI!<\/h4>\n\t<div id=\"gap-1470899989\" class=\"gap-element clearfix\" style=\"display:block; height:auto;\">\n\t\t\n<style>\n#gap-1470899989 {\n  padding-top: 10px;\n}\n<\/style>\n\t<\/div>\n\t\n\n\n\t\t\t<form id=\"sib_signup_form_2\" method=\"post\" class=\"sib_signup_form\">\n\t\t\t\t<div class=\"sib_loader\" style=\"display:none;\"><img\n\t\t\t\t\t\t\tsrc=\"https:\/\/ca.exorollingpapers.com\/wp-includes\/images\/spinner.gif\" alt=\"loader\"><\/div>\n\t\t\t\t<input type=\"hidden\" name=\"sib_form_action\" value=\"subscribe_form_submit\">\n\t\t\t\t<input type=\"hidden\" name=\"sib_form_id\" value=\"2\">\n                <input type=\"hidden\" name=\"sib_form_alert_notice\" value=\"Veuillez remplir ce champ\">\n                <input type=\"hidden\" name=\"sib_form_invalid_email_notice\" value=\"Votre adresse courriel n&#039;est pas valide\">\n                <input type=\"hidden\" name=\"sib_security\" value=\"a314450b72\">\n\t\t\t\t<div class=\"sib_signup_box_inside_2\">\n\t\t\t\t\t<div style=\"\/*display:none*\/\" class=\"sib_msg_disp\">\n\t\t\t\t\t<\/div>\n                    \t\t\t\t\t<p class=\"sib-email-area\">\r\n    <label class=\"sib-email-area\"><\/label> \r\n    <input type=\"email\" class=\"sib-email-area\" name=\"email\" placeholder=\"Courriel\" required=\"required\">\r\n<\/p>\r\n\r\n<p class=\"sib-PRENOM-area\"> \r\n    <label class=\"sib-PRENOM-area\"><\/label> \r\n    <input type=\"text\" class=\"sib-PRENOM-area\" name=\"PRENOM\" placeholder=\"Pr\u00e9nom\" required=\"required\"> \r\n<\/p>\r\n\r\n<p class=\"sib-NAME-area\">\r\n    <label class=\"sib-NOM-area\"><\/label> \r\n    <input type=\"text\" class=\"sib-NAME-area\" name=\"NOM\" placeholder=\"Nom\" required=\"required\">\r\n<\/p>\r\n\r\n<p class=\"sib-PROVINCE-area\"> \r\n    <select class=\"sib-PROVINCE-area\" name=\"PROVINCE\">\r\n      <option value=\"0\">Province<\/option>  \r\n      <option value=\"1\">AB<\/option> \r\n      <option value=\"2\">BC<\/option> \r\n      <option value=\"3\">MB<\/option> \r\n      <option value=\"4\">NB<\/option> \r\n      <option value=\"5\">NL<\/option> \r\n      <option value=\"6\">NT<\/option> \r\n      <option value=\"7\">NS<\/option> \r\n      <option value=\"8\">NU<\/option> \r\n      <option value=\"9\">ON<\/option> \r\n      <option value=\"10\">PE<\/option> \r\n      <option value=\"11\">QC<\/option> \r\n      <option value=\"12\">SK<\/option> \r\n      <option value=\"13\">YT<\/option> \r\n    <\/select> \r\n<\/p>\r\n\r\n<p>\r\n    <input type=\"submit\" class=\"sib-default-btn\" value=\"Soumettre\">\r\n<\/p>\r\n\t\t\t\t<\/div>\n\t\t\t<\/form>\n\t\t\t<style>\n\t\t\t\tform#sib_signup_form_2 p.sib-alert-message {\n    padding: 6px 12px;\n    margin-bottom: 20px;\n    border: 1px solid transparent;\n    border-radius: 4px;\n    -webkit-box-sizing: border-box;\n    -moz-box-sizing: border-box;\n    box-sizing: border-box;\n}\nform#sib_signup_form_2 p.sib-alert-message-error {\n    background-color: #f2dede;\n    border-color: #ebccd1;\n    color: #a94442;\n}\nform#sib_signup_form_2 p.sib-alert-message-success {\n    background-color: #dff0d8;\n    border-color: #d6e9c6;\n    color: #3c763d;\n}\nform#sib_signup_form_2 p.sib-alert-message-warning {\n    background-color: #fcf8e3;\n    border-color: #faebcc;\n    color: #8a6d3b;\n}\n\t\t\t<\/style>\n\t\t\t\n\n\n\t\t<\/div>\n\t\t\t\t\t<\/div>\n\n\t\n\n<\/div>\n\n","protected":false},"excerpt":{"rendered":"","protected":false},"author":1,"featured_media":0,"parent":0,"menu_order":0,"comment_status":"closed","ping_status":"closed","template":"","meta":{"footnotes":""},"class_list":["post-1124","page","type-page","status-publish","hentry"],"_links":{"self":[{"href":"https:\/\/ca.exorollingpapers.com\/fr\/wp-json\/wp\/v2\/pages\/1124","targetHints":{"allow":["GET"]}}],"collection":[{"href":"https:\/\/ca.exorollingpapers.com\/fr\/wp-json\/wp\/v2\/pages"}],"about":[{"href":"https:\/\/ca.exorollingpapers.com\/fr\/wp-json\/wp\/v2\/types\/page"}],"author":[{"embeddable":true,"href":"https:\/\/ca.exorollingpapers.com\/fr\/wp-json\/wp\/v2\/users\/1"}],"replies":[{"embeddable":true,"href":"https:\/\/ca.exorollingpapers.com\/fr\/wp-json\/wp\/v2\/comments?post=1124"}],"version-history":[{"count":25,"href":"https:\/\/ca.exorollingpapers.com\/fr\/wp-json\/wp\/v2\/pages\/1124\/revisions"}],"predecessor-version":[{"id":10714,"href":"https:\/\/ca.exorollingpapers.com\/fr\/wp-json\/wp\/v2\/pages\/1124\/revisions\/10714"}],"wp:attachment":[{"href":"https:\/\/ca.exorollingpapers.com\/fr\/wp-json\/wp\/v2\/media?parent=1124"}],"curies":[{"name":"wp","href":"https:\/\/api.w.org\/{rel}","templated":true}]}}