{"id":11893,"date":"2025-01-03T14:13:45","date_gmt":"2025-01-03T18:13:45","guid":{"rendered":"https:\/\/ca.exorollingpapers.com\/concours-420\/"},"modified":"2025-04-02T10:56:45","modified_gmt":"2025-04-02T14:56:45","slug":"concours-420-2025-amsterdam","status":"publish","type":"page","link":"https:\/\/ca.exorollingpapers.com\/fr\/concours-420-2025-amsterdam\/","title":{"rendered":"Concours-420-2025-Amsterdam"},"content":{"rendered":"\n<div class=\"row\"  id=\"row-1784170938\">\n\n\n\t<div id=\"col-1876859597\" class=\"col medium-6 small-12 large-6\"  >\n\t\t\t\t<div class=\"col-inner\"  >\n\t\t\t\n\t\t\t\n\n\t<div class=\"img has-hover x md-x lg-x y md-y lg-y\" id=\"image_136056493\">\n\t\t\t\t\t\t\t\t<div class=\"img-inner dark\" >\n\t\t\t<img loading=\"lazy\" decoding=\"async\" width=\"1020\" height=\"1020\" src=\"https:\/\/ca.exorollingpapers.com\/wp-content\/uploads\/EXO_Amsterdam_FR_FB.png\" class=\"attachment-large size-large\" alt=\"\" srcset=\"https:\/\/ca.exorollingpapers.com\/wp-content\/uploads\/EXO_Amsterdam_FR_FB.png 1200w, https:\/\/ca.exorollingpapers.com\/wp-content\/uploads\/EXO_Amsterdam_FR_FB-800x800.png 800w, https:\/\/ca.exorollingpapers.com\/wp-content\/uploads\/EXO_Amsterdam_FR_FB-300x300.png 300w, https:\/\/ca.exorollingpapers.com\/wp-content\/uploads\/EXO_Amsterdam_FR_FB-768x768.png 768w, https:\/\/ca.exorollingpapers.com\/wp-content\/uploads\/EXO_Amsterdam_FR_FB-600x600.png 600w, https:\/\/ca.exorollingpapers.com\/wp-content\/uploads\/EXO_Amsterdam_FR_FB-100x100.png 100w\" sizes=\"auto, (max-width: 1020px) 100vw, 1020px\" \/>\t\t\t\t\t\t\n\t\t\t\t\t<\/div>\n\t\t\t\t\t\t\t\t\n<style>\n#image_136056493 {\n  width: 100%;\n}\n<\/style>\n\t<\/div>\n\t\n\n<div class=\"slider-wrapper relative\" id=\"slider-2140502108\" >\n    <div class=\"slider slider-nav-simple slider-nav-large slider-nav-light slider-style-normal slider-show-nav\"\n        data-flickity-options='{\n            \"cellAlign\": \"center\",\n            \"imagesLoaded\": true,\n            \"lazyLoad\": 1,\n            \"freeScroll\": false,\n            \"wrapAround\": true,\n            \"autoPlay\": false,\n            \"pauseAutoPlayOnHover\" : true,\n            \"prevNextButtons\": true,\n            \"contain\" : true,\n            \"adaptiveHeight\" : true,\n            \"dragThreshold\" : 10,\n            \"percentPosition\": true,\n            \"pageDots\": true,\n            \"rightToLeft\": false,\n            \"draggable\": true,\n            \"selectedAttraction\": 0.1,\n            \"parallax\" : 0,\n            \"friction\": 0.6        }'\n        >\n        \n\n\t<div class=\"img has-hover x md-x lg-x y md-y lg-y\" id=\"image_1646768377\">\n\t\t\t\t\t\t\t\t<div class=\"img-inner dark\" >\n\t\t\t<img loading=\"lazy\" decoding=\"async\" width=\"1020\" height=\"680\" src=\"https:\/\/ca.exorollingpapers.com\/wp-content\/uploads\/420-Amsterdam-01.jpg\" class=\"attachment-large size-large\" alt=\"\" srcset=\"https:\/\/ca.exorollingpapers.com\/wp-content\/uploads\/420-Amsterdam-01.jpg 1200w, https:\/\/ca.exorollingpapers.com\/wp-content\/uploads\/420-Amsterdam-01-800x533.jpg 800w, https:\/\/ca.exorollingpapers.com\/wp-content\/uploads\/420-Amsterdam-01-768x512.jpg 768w\" sizes=\"auto, (max-width: 1020px) 100vw, 1020px\" \/>\t\t\t\t\t\t\n\t\t\t\t\t<\/div>\n\t\t\t\t\t\t\t\t\n<style>\n#image_1646768377 {\n  width: 100%;\n}\n<\/style>\n\t<\/div>\n\t\n\n\t<div class=\"img has-hover x md-x lg-x y md-y lg-y\" id=\"image_432314806\">\n\t\t\t\t\t\t\t\t<div class=\"img-inner dark\" >\n\t\t\t<img loading=\"lazy\" decoding=\"async\" width=\"1020\" height=\"680\" src=\"https:\/\/ca.exorollingpapers.com\/wp-content\/uploads\/420-Amsterdam-02.jpg\" class=\"attachment-large size-large\" alt=\"\" srcset=\"https:\/\/ca.exorollingpapers.com\/wp-content\/uploads\/420-Amsterdam-02.jpg 1200w, https:\/\/ca.exorollingpapers.com\/wp-content\/uploads\/420-Amsterdam-02-800x533.jpg 800w, https:\/\/ca.exorollingpapers.com\/wp-content\/uploads\/420-Amsterdam-02-768x512.jpg 768w\" sizes=\"auto, (max-width: 1020px) 100vw, 1020px\" \/>\t\t\t\t\t\t\n\t\t\t\t\t<\/div>\n\t\t\t\t\t\t\t\t\n<style>\n#image_432314806 {\n  width: 100%;\n}\n<\/style>\n\t<\/div>\n\t\n\n\t<div class=\"img has-hover x md-x lg-x y md-y lg-y\" id=\"image_1476963847\">\n\t\t\t\t\t\t\t\t<div class=\"img-inner dark\" >\n\t\t\t<img loading=\"lazy\" decoding=\"async\" width=\"1020\" height=\"680\" src=\"https:\/\/ca.exorollingpapers.com\/wp-content\/uploads\/420-Amsterdam-03.jpg\" class=\"attachment-large size-large\" alt=\"\" srcset=\"https:\/\/ca.exorollingpapers.com\/wp-content\/uploads\/420-Amsterdam-03.jpg 1200w, https:\/\/ca.exorollingpapers.com\/wp-content\/uploads\/420-Amsterdam-03-800x533.jpg 800w, https:\/\/ca.exorollingpapers.com\/wp-content\/uploads\/420-Amsterdam-03-768x512.jpg 768w\" sizes=\"auto, (max-width: 1020px) 100vw, 1020px\" \/>\t\t\t\t\t\t\n\t\t\t\t\t<\/div>\n\t\t\t\t\t\t\t\t\n<style>\n#image_1476963847 {\n  width: 100%;\n}\n<\/style>\n\t<\/div>\n\t\n\n\t<div class=\"img has-hover x md-x lg-x y md-y lg-y\" id=\"image_1294764\">\n\t\t\t\t\t\t\t\t<div class=\"img-inner dark\" >\n\t\t\t<img loading=\"lazy\" decoding=\"async\" width=\"1020\" height=\"680\" src=\"https:\/\/ca.exorollingpapers.com\/wp-content\/uploads\/420-Amsterdam-04.jpg\" class=\"attachment-large size-large\" alt=\"\" srcset=\"https:\/\/ca.exorollingpapers.com\/wp-content\/uploads\/420-Amsterdam-04.jpg 1200w, https:\/\/ca.exorollingpapers.com\/wp-content\/uploads\/420-Amsterdam-04-800x533.jpg 800w, https:\/\/ca.exorollingpapers.com\/wp-content\/uploads\/420-Amsterdam-04-768x512.jpg 768w\" sizes=\"auto, (max-width: 1020px) 100vw, 1020px\" \/>\t\t\t\t\t\t\n\t\t\t\t\t<\/div>\n\t\t\t\t\t\t\t\t\n<style>\n#image_1294764 {\n  width: 100%;\n}\n<\/style>\n\t<\/div>\n\t\n\n\t<div class=\"img has-hover x md-x lg-x y md-y lg-y\" id=\"image_1165959334\">\n\t\t\t\t\t\t\t\t<div class=\"img-inner dark\" >\n\t\t\t<img loading=\"lazy\" decoding=\"async\" width=\"1020\" height=\"680\" src=\"https:\/\/ca.exorollingpapers.com\/wp-content\/uploads\/420-Amsterdam-05.jpg\" class=\"attachment-large size-large\" alt=\"\" srcset=\"https:\/\/ca.exorollingpapers.com\/wp-content\/uploads\/420-Amsterdam-05.jpg 1200w, https:\/\/ca.exorollingpapers.com\/wp-content\/uploads\/420-Amsterdam-05-800x533.jpg 800w, https:\/\/ca.exorollingpapers.com\/wp-content\/uploads\/420-Amsterdam-05-768x512.jpg 768w\" sizes=\"auto, (max-width: 1020px) 100vw, 1020px\" \/>\t\t\t\t\t\t\n\t\t\t\t\t<\/div>\n\t\t\t\t\t\t\t\t\n<style>\n#image_1165959334 {\n  width: 100%;\n}\n<\/style>\n\t<\/div>\n\t\n\n\t<div class=\"img has-hover x md-x lg-x y md-y lg-y\" id=\"image_1628935666\">\n\t\t\t\t\t\t\t\t<div class=\"img-inner dark\" >\n\t\t\t<img loading=\"lazy\" decoding=\"async\" width=\"1020\" height=\"680\" src=\"https:\/\/ca.exorollingpapers.com\/wp-content\/uploads\/420-Amsterdam-06.jpg\" class=\"attachment-large size-large\" alt=\"\" srcset=\"https:\/\/ca.exorollingpapers.com\/wp-content\/uploads\/420-Amsterdam-06.jpg 1200w, https:\/\/ca.exorollingpapers.com\/wp-content\/uploads\/420-Amsterdam-06-800x533.jpg 800w, https:\/\/ca.exorollingpapers.com\/wp-content\/uploads\/420-Amsterdam-06-768x512.jpg 768w\" sizes=\"auto, (max-width: 1020px) 100vw, 1020px\" \/>\t\t\t\t\t\t\n\t\t\t\t\t<\/div>\n\t\t\t\t\t\t\t\t\n<style>\n#image_1628935666 {\n  width: 100%;\n}\n<\/style>\n\t<\/div>\n\t\n\n\t<div class=\"img has-hover x md-x lg-x y md-y lg-y\" id=\"image_187093094\">\n\t\t\t\t\t\t\t\t<div class=\"img-inner dark\" >\n\t\t\t<img loading=\"lazy\" decoding=\"async\" width=\"1020\" height=\"680\" src=\"https:\/\/ca.exorollingpapers.com\/wp-content\/uploads\/420-Amsterdam-07.jpg\" class=\"attachment-large size-large\" alt=\"\" srcset=\"https:\/\/ca.exorollingpapers.com\/wp-content\/uploads\/420-Amsterdam-07.jpg 1200w, https:\/\/ca.exorollingpapers.com\/wp-content\/uploads\/420-Amsterdam-07-800x533.jpg 800w, https:\/\/ca.exorollingpapers.com\/wp-content\/uploads\/420-Amsterdam-07-768x512.jpg 768w\" sizes=\"auto, (max-width: 1020px) 100vw, 1020px\" \/>\t\t\t\t\t\t\n\t\t\t\t\t<\/div>\n\t\t\t\t\t\t\t\t\n<style>\n#image_187093094 {\n  width: 100%;\n}\n<\/style>\n\t<\/div>\n\t\n\n\t<div class=\"img has-hover x md-x lg-x y md-y lg-y\" id=\"image_1682202039\">\n\t\t\t\t\t\t\t\t<div class=\"img-inner dark\" >\n\t\t\t<img loading=\"lazy\" decoding=\"async\" width=\"1020\" height=\"680\" src=\"https:\/\/ca.exorollingpapers.com\/wp-content\/uploads\/420-Amsterdam-08.jpg\" class=\"attachment-large size-large\" alt=\"\" srcset=\"https:\/\/ca.exorollingpapers.com\/wp-content\/uploads\/420-Amsterdam-08.jpg 1200w, https:\/\/ca.exorollingpapers.com\/wp-content\/uploads\/420-Amsterdam-08-800x533.jpg 800w, https:\/\/ca.exorollingpapers.com\/wp-content\/uploads\/420-Amsterdam-08-768x512.jpg 768w\" sizes=\"auto, (max-width: 1020px) 100vw, 1020px\" \/>\t\t\t\t\t\t\n\t\t\t\t\t<\/div>\n\t\t\t\t\t\t\t\t\n<style>\n#image_1682202039 {\n  width: 100%;\n}\n<\/style>\n\t<\/div>\n\t\n\n\t<div class=\"img has-hover x md-x lg-x y md-y lg-y\" id=\"image_43169795\">\n\t\t\t\t\t\t\t\t<div class=\"img-inner dark\" >\n\t\t\t<img loading=\"lazy\" decoding=\"async\" width=\"1020\" height=\"680\" src=\"https:\/\/ca.exorollingpapers.com\/wp-content\/uploads\/420-Amsterdam-09.jpg\" class=\"attachment-large size-large\" alt=\"\" srcset=\"https:\/\/ca.exorollingpapers.com\/wp-content\/uploads\/420-Amsterdam-09.jpg 1200w, https:\/\/ca.exorollingpapers.com\/wp-content\/uploads\/420-Amsterdam-09-800x533.jpg 800w, https:\/\/ca.exorollingpapers.com\/wp-content\/uploads\/420-Amsterdam-09-768x512.jpg 768w\" sizes=\"auto, (max-width: 1020px) 100vw, 1020px\" \/>\t\t\t\t\t\t\n\t\t\t\t\t<\/div>\n\t\t\t\t\t\t\t\t\n<style>\n#image_43169795 {\n  width: 100%;\n}\n<\/style>\n\t<\/div>\n\t\n\n\t<div class=\"img has-hover x md-x lg-x y md-y lg-y\" id=\"image_184800672\">\n\t\t\t\t\t\t\t\t<div class=\"img-inner dark\" >\n\t\t\t<img loading=\"lazy\" decoding=\"async\" width=\"1020\" height=\"680\" src=\"https:\/\/ca.exorollingpapers.com\/wp-content\/uploads\/420-Amsterdam-10.jpg\" class=\"attachment-large size-large\" alt=\"\" srcset=\"https:\/\/ca.exorollingpapers.com\/wp-content\/uploads\/420-Amsterdam-10.jpg 1200w, https:\/\/ca.exorollingpapers.com\/wp-content\/uploads\/420-Amsterdam-10-800x533.jpg 800w, https:\/\/ca.exorollingpapers.com\/wp-content\/uploads\/420-Amsterdam-10-768x512.jpg 768w\" sizes=\"auto, (max-width: 1020px) 100vw, 1020px\" \/>\t\t\t\t\t\t\n\t\t\t\t\t<\/div>\n\t\t\t\t\t\t\t\t\n<style>\n#image_184800672 {\n  width: 100%;\n}\n<\/style>\n\t<\/div>\n\t\n\n\t<div class=\"img has-hover x md-x lg-x y md-y lg-y\" id=\"image_555066191\">\n\t\t\t\t\t\t\t\t<div class=\"img-inner dark\" >\n\t\t\t<img loading=\"lazy\" decoding=\"async\" width=\"1020\" height=\"680\" src=\"https:\/\/ca.exorollingpapers.com\/wp-content\/uploads\/420-Amsterdam-14.jpg\" class=\"attachment-large size-large\" alt=\"\" srcset=\"https:\/\/ca.exorollingpapers.com\/wp-content\/uploads\/420-Amsterdam-14.jpg 1200w, https:\/\/ca.exorollingpapers.com\/wp-content\/uploads\/420-Amsterdam-14-800x533.jpg 800w, https:\/\/ca.exorollingpapers.com\/wp-content\/uploads\/420-Amsterdam-14-768x512.jpg 768w\" sizes=\"auto, (max-width: 1020px) 100vw, 1020px\" \/>\t\t\t\t\t\t\n\t\t\t\t\t<\/div>\n\t\t\t\t\t\t\t\t\n<style>\n#image_555066191 {\n  width: 100%;\n}\n<\/style>\n\t<\/div>\n\t\n\n\t<div class=\"img has-hover x md-x lg-x y md-y lg-y\" id=\"image_538402142\">\n\t\t\t\t\t\t\t\t<div class=\"img-inner dark\" >\n\t\t\t<img loading=\"lazy\" decoding=\"async\" width=\"1020\" height=\"680\" src=\"https:\/\/ca.exorollingpapers.com\/wp-content\/uploads\/420-Amsterdam-16.jpg\" class=\"attachment-large size-large\" alt=\"\" srcset=\"https:\/\/ca.exorollingpapers.com\/wp-content\/uploads\/420-Amsterdam-16.jpg 1200w, https:\/\/ca.exorollingpapers.com\/wp-content\/uploads\/420-Amsterdam-16-800x533.jpg 800w, https:\/\/ca.exorollingpapers.com\/wp-content\/uploads\/420-Amsterdam-16-768x512.jpg 768w\" sizes=\"auto, (max-width: 1020px) 100vw, 1020px\" \/>\t\t\t\t\t\t\n\t\t\t\t\t<\/div>\n\t\t\t\t\t\t\t\t\n<style>\n#image_538402142 {\n  width: 100%;\n}\n<\/style>\n\t<\/div>\n\t\n\n\t<div class=\"img has-hover x md-x lg-x y md-y lg-y\" id=\"image_583512558\">\n\t\t\t\t\t\t\t\t<div class=\"img-inner dark\" >\n\t\t\t<img loading=\"lazy\" decoding=\"async\" width=\"1020\" height=\"680\" src=\"https:\/\/ca.exorollingpapers.com\/wp-content\/uploads\/420-Amsterdam-18.jpg\" class=\"attachment-large size-large\" alt=\"\" srcset=\"https:\/\/ca.exorollingpapers.com\/wp-content\/uploads\/420-Amsterdam-18.jpg 1200w, https:\/\/ca.exorollingpapers.com\/wp-content\/uploads\/420-Amsterdam-18-800x533.jpg 800w, https:\/\/ca.exorollingpapers.com\/wp-content\/uploads\/420-Amsterdam-18-768x512.jpg 768w\" sizes=\"auto, (max-width: 1020px) 100vw, 1020px\" \/>\t\t\t\t\t\t\n\t\t\t\t\t<\/div>\n\t\t\t\t\t\t\t\t\n<style>\n#image_583512558 {\n  width: 100%;\n}\n<\/style>\n\t<\/div>\n\t\n\n\t<div class=\"img has-hover x md-x lg-x y md-y lg-y\" id=\"image_1976059993\">\n\t\t\t\t\t\t\t\t<div class=\"img-inner dark\" >\n\t\t\t<img loading=\"lazy\" decoding=\"async\" width=\"1020\" height=\"680\" src=\"https:\/\/ca.exorollingpapers.com\/wp-content\/uploads\/420-Amsterdam-20.webp\" class=\"attachment-large size-large\" alt=\"\" srcset=\"https:\/\/ca.exorollingpapers.com\/wp-content\/uploads\/420-Amsterdam-20.webp 1200w, https:\/\/ca.exorollingpapers.com\/wp-content\/uploads\/420-Amsterdam-20-800x533.webp 800w, https:\/\/ca.exorollingpapers.com\/wp-content\/uploads\/420-Amsterdam-20-768x512.webp 768w\" sizes=\"auto, (max-width: 1020px) 100vw, 1020px\" \/>\t\t\t\t\t\t\n\t\t\t\t\t<\/div>\n\t\t\t\t\t\t\t\t\n<style>\n#image_1976059993 {\n  width: 100%;\n}\n<\/style>\n\t<\/div>\n\t\n\n\t<div class=\"img has-hover x md-x lg-x y md-y lg-y\" id=\"image_1132684457\">\n\t\t\t\t\t\t\t\t<div class=\"img-inner dark\" >\n\t\t\t<img loading=\"lazy\" decoding=\"async\" width=\"1020\" height=\"680\" src=\"https:\/\/ca.exorollingpapers.com\/wp-content\/uploads\/420-Amsterdam-21.jpg\" class=\"attachment-large size-large\" alt=\"\" srcset=\"https:\/\/ca.exorollingpapers.com\/wp-content\/uploads\/420-Amsterdam-21.jpg 1200w, https:\/\/ca.exorollingpapers.com\/wp-content\/uploads\/420-Amsterdam-21-800x533.jpg 800w, https:\/\/ca.exorollingpapers.com\/wp-content\/uploads\/420-Amsterdam-21-768x512.jpg 768w\" sizes=\"auto, (max-width: 1020px) 100vw, 1020px\" \/>\t\t\t\t\t\t\n\t\t\t\t\t<\/div>\n\t\t\t\t\t\t\t\t\n<style>\n#image_1132684457 {\n  width: 100%;\n}\n<\/style>\n\t<\/div>\n\t\n\n\t<div class=\"img has-hover x md-x lg-x y md-y lg-y\" id=\"image_939161513\">\n\t\t\t\t\t\t\t\t<div class=\"img-inner dark\" >\n\t\t\t<img loading=\"lazy\" decoding=\"async\" width=\"1020\" height=\"680\" src=\"https:\/\/ca.exorollingpapers.com\/wp-content\/uploads\/420-Amsterdam-22.webp\" class=\"attachment-large size-large\" alt=\"\" srcset=\"https:\/\/ca.exorollingpapers.com\/wp-content\/uploads\/420-Amsterdam-22.webp 1200w, https:\/\/ca.exorollingpapers.com\/wp-content\/uploads\/420-Amsterdam-22-800x533.webp 800w, https:\/\/ca.exorollingpapers.com\/wp-content\/uploads\/420-Amsterdam-22-768x512.webp 768w\" sizes=\"auto, (max-width: 1020px) 100vw, 1020px\" \/>\t\t\t\t\t\t\n\t\t\t\t\t<\/div>\n\t\t\t\t\t\t\t\t\n<style>\n#image_939161513 {\n  width: 100%;\n}\n<\/style>\n\t<\/div>\n\t\n\n\t<div class=\"img has-hover x md-x lg-x y md-y lg-y\" id=\"image_1013562192\">\n\t\t\t\t\t\t\t\t<div class=\"img-inner dark\" >\n\t\t\t<img loading=\"lazy\" decoding=\"async\" width=\"1020\" height=\"680\" src=\"https:\/\/ca.exorollingpapers.com\/wp-content\/uploads\/420-Amsterdam-23.jpg\" class=\"attachment-large size-large\" alt=\"\" srcset=\"https:\/\/ca.exorollingpapers.com\/wp-content\/uploads\/420-Amsterdam-23.jpg 1200w, https:\/\/ca.exorollingpapers.com\/wp-content\/uploads\/420-Amsterdam-23-800x533.jpg 800w, https:\/\/ca.exorollingpapers.com\/wp-content\/uploads\/420-Amsterdam-23-768x512.jpg 768w\" sizes=\"auto, (max-width: 1020px) 100vw, 1020px\" \/>\t\t\t\t\t\t\n\t\t\t\t\t<\/div>\n\t\t\t\t\t\t\t\t\n<style>\n#image_1013562192 {\n  width: 100%;\n}\n<\/style>\n\t<\/div>\n\t\n\n\n     <\/div>\n\n     <div class=\"loading-spin dark large centered\"><\/div>\n\n\t<\/div>\n\n\n\n\t\t<\/div>\n\t\t\t\t\t<\/div>\n\n\t\n\n\t<div id=\"col-895035874\" class=\"col medium-6 small-12 large-6\"  >\n\t\t\t\t<div class=\"col-inner\"  >\n\t\t\t\n\t\t\t\n\n<p><strong>CONCOURS TERMIN\u00c9<br>&gt;&gt; <a href=\"https:\/\/ca.exorollingpapers.com\/fr\/concours\/\">GAGNANT-E<\/a><\/strong><\/p>\n<h3><span style=\"color: #d26e4b;\"><b>GAGNE UN TRIP \u00c0 AMSTERDAM POUR LE 420!<\/b><\/span><\/h3>\n<div>\n<p>Envole-toi pour un s\u00e9jour inoubliable pour deux personnes \u00e0 Amsterdam pour c\u00e9l\u00e9brer le 420. D\u00e9couvre cette ville embl\u00e9matique, avec ses fameux coffee shops &#8220;canna friendly&#8221; et son ambiance boh\u00e8me unique. Assiste au rassemblement du 420 au Flevopark pour vivre un \u00e9v\u00e9nement vibrant et authentique. Un trip m\u00e9morable!   <\/p>\n<p><b>Le prix comprend :<\/b><\/p>\n<ul>\n<li style=\"font-weight: 400;\" aria-level=\"1\"><span style=\"font-weight: 400;\">\u2708\ufe0f Deux billets d\u2019avion aller-retour pour Amsterdam. <\/span><\/li>\n<li style=\"font-weight: 400;\" aria-level=\"1\"><span style=\"font-weight: 400;\">\ud83c\udfe8 Un s\u00e9jour de r\u00eave de 3 jours (18 au 21 avril) \u00e0 l&#8217;H\u00f4tel nhow Amsterdam RAI.<\/span><\/li>\n<\/ul>\n<p><span style=\"font-weight: 400;\">Le tirage aura lieu le lundi 31 mars 2025 \u00e0 16:20 (HE). Le\/la gagnant\u2e31e sera avis\u00e9\u2e31e par courriel \u00e0 la suite du tirage.<\/span><\/p>\n<\/div>\n<div class=\"row\"  id=\"row-1193734425\">\n\n\n\t<div id=\"col-1098075236\" class=\"col small-12 large-12\"  >\n\t\t\t\t<div class=\"col-inner\"  >\n\t\t\t\n\t\t\t\n\n<div id=\"timer-193363613\" class=\"ux-timer dark\" data-text-plural=\"s\" data-text-hour=\"hour\" data-text-day=\"day\" data-text-week=\"week\" data-text-min=\"min\" data-text-sec=\"Sec\" data-text-hour-p=\"heures\" data-text-day-p=\"jours\" data-text-week-p=\"semaines\" data-text-min-p=\"mins\" data-text-sec-p=\"secs\" data-countdown=\"2025\/3\/31 16:20\"><span>&nbsp;<div class=\"loading-spin dark centered\"><\/div><strong>&nbsp;<\/strong><\/span><\/div>\n<style>\n#timer-193363613 {\n  font-size: 180%;\n}\n<\/style>\n\n\n\n\t\t<\/div>\n\t\t\t\t\n<style>\n#col-1098075236 > .col-inner {\n  margin: -18px 0px -15px -5px;\n}\n<\/style>\n\t<\/div>\n\n\t\n\n<\/div>\n<div class=\"row\"  id=\"row-341720273\">\n\n\n\t<div id=\"col-293280325\" class=\"col small-12 large-12\"  >\n\t\t\t\t<div class=\"col-inner\"  >\n\t\t\t\n\t\t\t\n\n<p><b>Conditions :<\/b><\/p>\n<ul>\n<li style=\"font-weight: 400;\" aria-level=\"1\"><span style=\"font-weight: 400;\">Ce concours est ouvert aux r\u00e9sidents du Canada, \u00e2g\u00e9es de 18 ans et plus<\/span><\/li>\n<li style=\"font-weight: 400;\" aria-level=\"1\"><span style=\"font-weight: 400;\">Une seule participation par personne est autoris\u00e9e. Il est interdit de participer avec plusieurs adresses e-mail, ce qui entra\u00eenera l&#8217;annulation de toutes vos participations <\/span><\/li>\n<li style=\"font-weight: 400;\" aria-level=\"1\"><span style=\"font-weight: 400;\">Le\/la gagnant-e aura 3 jours pour r\u00e9clamer son prix \u00e0 la suite du tirage; sinon, un second tirage sera effectu\u00e9 pour s\u00e9lectionner un\u2e31e autre gagnant\u2e31e<\/span><\/li>\n<\/ul>\n<p><b>Bonne chance \u00e0 tous ! <span style=\"font-weight: 400;\">\ud83d\ude09<\/span><\/b><\/p>\n\n\t\t<\/div>\n\t\t\t\t\n<style>\n#col-293280325 > .col-inner {\n  margin: 0px 0px -40px 0px;\n}\n<\/style>\n\t<\/div>\n\n\t\n\n<\/div>\n<div class=\"row\"  id=\"row-1649991752\">\n\n\n\t<div id=\"col-285848571\" class=\"col small-12 large-12\"  >\n\t\t\t\t<div class=\"col-inner\"  >\n\t\t\t\n\t\t\t\n\n<div class=\"is-divider divider clearfix\" style=\"max-width:100%;\"><\/div>\n\n\t<div id=\"text-3530227252\" class=\"text hide-for-small\">\n\t\t\n\n<p><strong><span style=\"font-size: 110%;\"><span style=\"color: #d26e4b;\"><span style=\"font-size: 110%;\">BONUS<\/span><\/span><\/span><br><span style=\"color: #282828; font-size: 100%;\">Gagne 2000$ d&#8217;argent de poche pour avoir encore plus de FUN \u00e0 Amsterdam! \ud83e\udd11<\/span><\/strong><\/p>\n<p>Si tu es d\u00e9j\u00e0 un\/une client\u2e31e <strong>EXO<\/strong>, tu es automatiquement \u00e9ligible pour gagner ce bonus. Sinon, profite de notre offre pour essayer nos papiers \u00e0 rouler et devenir \u00e9ligible pour gagner ce bonus. <\/p>\n\t\t\t<\/div>\n\t\n\t<div id=\"text-2642354768\" class=\"text show-for-medium\">\n\t\t\n\n<p><strong><span style=\"font-size: 110%;\"><span style=\"color: #d26e4b;\"><span style=\"font-size: 105%;\">BONUS<\/span><\/span><\/span><br><span style=\"color: #282828; font-size: 95%;\">Gagne 2000$ d&#8217;argent de poche pour avoir encore plus de FUN \u00e0 Amsterdam! \ud83e\udd11<\/span><\/strong><\/p>\n<p>Si tu es d\u00e9j\u00e0 un\/une client\u2e31e <strong>EXO<\/strong>, tu es automatiquement \u00e9ligible pour gagner ce bonus. Sinon, profite de notre offre pour essayer nos papiers \u00e0 rouler et devenir \u00e9ligible pour gagner ce bonus. <\/p>\n\t\t\n<style>\n#text-2642354768 {\n  line-height: 1.45;\n}\n<\/style>\n\t<\/div>\n\t\n\t<div class=\"img has-hover x md-x lg-x y md-y lg-y\" id=\"image_1764684694\">\n\t\t\t\t\t\t\t\t<div class=\"img-inner dark\" >\n\t\t\t<img loading=\"lazy\" decoding=\"async\" width=\"600\" height=\"332\" src=\"https:\/\/ca.exorollingpapers.com\/wp-content\/uploads\/EXO_KitEssai-FR-49.jpg\" class=\"attachment-large size-large\" alt=\"\" \/>\t\t\t\t\t\t\n\t\t\t\t\t<\/div>\n\t\t\t\t\t\t\t\t\n<style>\n#image_1764684694 {\n  width: 100%;\n}\n<\/style>\n\t<\/div>\n\t\n\n<a href=\"https:\/\/ca.exorollingpapers.com\/fr\/categorie-produit\/papiers-a-rouler\/kit-dessai\/\" class=\"button primary is-large expand\" >\n\t\t<span>ACH\u00c8TE MAINTENANT<\/span>\n\t<\/a>\n\n\n\n\t\t<\/div>\n\t\t\t\t\n<style>\n#col-285848571 > .col-inner {\n  margin: 0px 0px -25px 0px;\n}\n<\/style>\n\t<\/div>\n\n\t\n\n<\/div>\n<div class=\"row\"  id=\"row-1556028130\">\n\n\n\n\n<style>\n#row-1556028130 > .col > .col-inner {\n  padding: 0px 0px 15px 0px;\n}\n<\/style>\n<\/div>\n<div class=\"row\"  id=\"row-1004145619\">\n\n\n\n\n<style>\n#row-1004145619 > .col > .col-inner {\n  padding: 0px 0px 15px 0px;\n}\n<\/style>\n<\/div>\n\n\t\t<\/div>\n\t\t\t\t\n<style>\n#col-895035874 > .col-inner {\n  margin: 0px 0px -70px 0px;\n}\n@media (min-width:550px) {\n  #col-895035874 > .col-inner {\n    margin: 0px 0px -50px 0px;\n  }\n}\n<\/style>\n\t<\/div>\n\n\t\n\n<\/div>\n\n","protected":false},"excerpt":{"rendered":"","protected":false},"author":1,"featured_media":0,"parent":0,"menu_order":0,"comment_status":"closed","ping_status":"closed","template":"","meta":{"footnotes":""},"class_list":["post-11893","page","type-page","status-publish","hentry"],"_links":{"self":[{"href":"https:\/\/ca.exorollingpapers.com\/fr\/wp-json\/wp\/v2\/pages\/11893","targetHints":{"allow":["GET"]}}],"collection":[{"href":"https:\/\/ca.exorollingpapers.com\/fr\/wp-json\/wp\/v2\/pages"}],"about":[{"href":"https:\/\/ca.exorollingpapers.com\/fr\/wp-json\/wp\/v2\/types\/page"}],"author":[{"embeddable":true,"href":"https:\/\/ca.exorollingpapers.com\/fr\/wp-json\/wp\/v2\/users\/1"}],"replies":[{"embeddable":true,"href":"https:\/\/ca.exorollingpapers.com\/fr\/wp-json\/wp\/v2\/comments?post=11893"}],"version-history":[{"count":251,"href":"https:\/\/ca.exorollingpapers.com\/fr\/wp-json\/wp\/v2\/pages\/11893\/revisions"}],"predecessor-version":[{"id":14040,"href":"https:\/\/ca.exorollingpapers.com\/fr\/wp-json\/wp\/v2\/pages\/11893\/revisions\/14040"}],"wp:attachment":[{"href":"https:\/\/ca.exorollingpapers.com\/fr\/wp-json\/wp\/v2\/media?parent=11893"}],"curies":[{"name":"wp","href":"https:\/\/api.w.org\/{rel}","templated":true}]}}