{"id":14101,"date":"2025-04-05T12:29:50","date_gmt":"2025-04-05T16:29:50","guid":{"rendered":"https:\/\/ca.exorollingpapers.com\/contest-playstation\/"},"modified":"2026-03-05T19:15:53","modified_gmt":"2026-03-05T23:15:53","slug":"concours-playstation","status":"publish","type":"page","link":"https:\/\/ca.exorollingpapers.com\/fr\/concours-playstation\/","title":{"rendered":"Concours PlayStation"},"content":{"rendered":"\n<div class=\"row\"  id=\"row-2082445033\">\n\n\n\t<div id=\"col-2009459863\" class=\"col medium-6 small-12 large-6\"  >\n\t\t\t\t<div class=\"col-inner\"  >\n\t\t\t\n\t\t\t\n\n\t<div class=\"img has-hover x md-x lg-x y md-y lg-y\" id=\"image_2032869040\">\n\t\t\t\t\t\t\t\t<div class=\"img-inner dark\" >\n\t\t\t<img loading=\"lazy\" decoding=\"async\" width=\"1020\" height=\"1020\" src=\"https:\/\/ca.exorollingpapers.com\/wp-content\/uploads\/EXO_Concours_PlayStation5_FB_FR.png\" class=\"attachment-large size-large\" alt=\"\" srcset=\"https:\/\/ca.exorollingpapers.com\/wp-content\/uploads\/EXO_Concours_PlayStation5_FB_FR.png 1200w, https:\/\/ca.exorollingpapers.com\/wp-content\/uploads\/EXO_Concours_PlayStation5_FB_FR-800x800.png 800w, https:\/\/ca.exorollingpapers.com\/wp-content\/uploads\/EXO_Concours_PlayStation5_FB_FR-300x300.png 300w, https:\/\/ca.exorollingpapers.com\/wp-content\/uploads\/EXO_Concours_PlayStation5_FB_FR-768x768.png 768w, https:\/\/ca.exorollingpapers.com\/wp-content\/uploads\/EXO_Concours_PlayStation5_FB_FR-600x600.png 600w, https:\/\/ca.exorollingpapers.com\/wp-content\/uploads\/EXO_Concours_PlayStation5_FB_FR-100x100.png 100w\" sizes=\"auto, (max-width: 1020px) 100vw, 1020px\" \/>\t\t\t\t\t\t\n\t\t\t\t\t<\/div>\n\t\t\t\t\t\t\t\t\n<style>\n#image_2032869040 {\n  width: 100%;\n}\n<\/style>\n\t<\/div>\n\t\n\n<div class=\"slider-wrapper relative\" id=\"slider-1851509396\" >\n    <div class=\"slider slider-nav-dots-simple slider-nav-simple slider-nav-large slider-nav-dark slider-style-normal slider-show-nav\"\n        data-flickity-options='{\n            \"cellAlign\": \"center\",\n            \"imagesLoaded\": true,\n            \"lazyLoad\": 1,\n            \"freeScroll\": false,\n            \"wrapAround\": true,\n            \"autoPlay\": false,\n            \"pauseAutoPlayOnHover\" : true,\n            \"prevNextButtons\": true,\n            \"contain\" : true,\n            \"adaptiveHeight\" : true,\n            \"dragThreshold\" : 10,\n            \"percentPosition\": true,\n            \"pageDots\": true,\n            \"rightToLeft\": false,\n            \"draggable\": true,\n            \"selectedAttraction\": 0.1,\n            \"parallax\" : 0,\n            \"friction\": 0.6        }'\n        >\n        \n\n\t<div class=\"img has-hover x md-x lg-x y md-y lg-y\" id=\"image_1782441645\">\n\t\t\t\t\t\t\t\t<div class=\"img-inner dark\" >\n\t\t\t<img loading=\"lazy\" decoding=\"async\" width=\"600\" height=\"400\" src=\"https:\/\/ca.exorollingpapers.com\/wp-content\/uploads\/1-copie2.jpg\" class=\"attachment-large size-large\" alt=\"\" \/>\t\t\t\t\t\t\n\t\t\t\t\t<\/div>\n\t\t\t\t\t\t\t\t\n<style>\n#image_1782441645 {\n  width: 100%;\n}\n<\/style>\n\t<\/div>\n\t\n\n\t<div class=\"img has-hover x md-x lg-x y md-y lg-y\" id=\"image_1113279785\">\n\t\t\t\t\t\t\t\t<div class=\"img-inner dark\" >\n\t\t\t<img loading=\"lazy\" decoding=\"async\" width=\"600\" height=\"400\" src=\"https:\/\/ca.exorollingpapers.com\/wp-content\/uploads\/2-1.jpg\" class=\"attachment-large size-large\" alt=\"\" \/>\t\t\t\t\t\t\n\t\t\t\t\t<\/div>\n\t\t\t\t\t\t\t\t\n<style>\n#image_1113279785 {\n  width: 100%;\n}\n<\/style>\n\t<\/div>\n\t\n\n\t<div class=\"img has-hover x md-x lg-x y md-y lg-y\" id=\"image_1642497194\">\n\t\t\t\t\t\t\t\t<div class=\"img-inner dark\" >\n\t\t\t<img loading=\"lazy\" decoding=\"async\" width=\"600\" height=\"400\" src=\"https:\/\/ca.exorollingpapers.com\/wp-content\/uploads\/2A-1.jpg\" class=\"attachment-large size-large\" alt=\"\" \/>\t\t\t\t\t\t\n\t\t\t\t\t<\/div>\n\t\t\t\t\t\t\t\t\n<style>\n#image_1642497194 {\n  width: 100%;\n}\n<\/style>\n\t<\/div>\n\t\n\n\t<div class=\"img has-hover x md-x lg-x y md-y lg-y\" id=\"image_1835427238\">\n\t\t\t\t\t\t\t\t<div class=\"img-inner dark\" >\n\t\t\t<img loading=\"lazy\" decoding=\"async\" width=\"600\" height=\"400\" src=\"https:\/\/ca.exorollingpapers.com\/wp-content\/uploads\/3-1.jpg\" class=\"attachment-large size-large\" alt=\"\" \/>\t\t\t\t\t\t\n\t\t\t\t\t<\/div>\n\t\t\t\t\t\t\t\t\n<style>\n#image_1835427238 {\n  width: 100%;\n}\n<\/style>\n\t<\/div>\n\t\n\n\t<div class=\"img has-hover x md-x lg-x y md-y lg-y\" id=\"image_436484984\">\n\t\t\t\t\t\t\t\t<div class=\"img-inner dark\" >\n\t\t\t<img loading=\"lazy\" decoding=\"async\" width=\"600\" height=\"400\" src=\"https:\/\/ca.exorollingpapers.com\/wp-content\/uploads\/4-1.jpg\" class=\"attachment-large size-large\" alt=\"\" \/>\t\t\t\t\t\t\n\t\t\t\t\t<\/div>\n\t\t\t\t\t\t\t\t\n<style>\n#image_436484984 {\n  width: 100%;\n}\n<\/style>\n\t<\/div>\n\t\n\n\t<div class=\"img has-hover x md-x lg-x y md-y lg-y\" id=\"image_925705879\">\n\t\t\t\t\t\t\t\t<div class=\"img-inner dark\" >\n\t\t\t<img loading=\"lazy\" decoding=\"async\" width=\"1020\" height=\"680\" src=\"https:\/\/ca.exorollingpapers.com\/wp-content\/uploads\/4A-1.jpg\" class=\"attachment-large size-large\" alt=\"\" srcset=\"https:\/\/ca.exorollingpapers.com\/wp-content\/uploads\/4A-1.jpg 1200w, https:\/\/ca.exorollingpapers.com\/wp-content\/uploads\/4A-1-800x533.jpg 800w, https:\/\/ca.exorollingpapers.com\/wp-content\/uploads\/4A-1-768x512.jpg 768w\" sizes=\"auto, (max-width: 1020px) 100vw, 1020px\" \/>\t\t\t\t\t\t\n\t\t\t\t\t<\/div>\n\t\t\t\t\t\t\t\t\n<style>\n#image_925705879 {\n  width: 100%;\n}\n<\/style>\n\t<\/div>\n\t\n\n\t<div class=\"img has-hover x md-x lg-x y md-y lg-y\" id=\"image_1008640159\">\n\t\t\t\t\t\t\t\t<div class=\"img-inner dark\" >\n\t\t\t<img loading=\"lazy\" decoding=\"async\" width=\"1020\" height=\"680\" src=\"https:\/\/ca.exorollingpapers.com\/wp-content\/uploads\/4B-1.jpg\" class=\"attachment-large size-large\" alt=\"\" srcset=\"https:\/\/ca.exorollingpapers.com\/wp-content\/uploads\/4B-1.jpg 1200w, https:\/\/ca.exorollingpapers.com\/wp-content\/uploads\/4B-1-800x533.jpg 800w, https:\/\/ca.exorollingpapers.com\/wp-content\/uploads\/4B-1-768x512.jpg 768w\" sizes=\"auto, (max-width: 1020px) 100vw, 1020px\" \/>\t\t\t\t\t\t\n\t\t\t\t\t<\/div>\n\t\t\t\t\t\t\t\t\n<style>\n#image_1008640159 {\n  width: 100%;\n}\n<\/style>\n\t<\/div>\n\t\n\n\t<div class=\"img has-hover x md-x lg-x y md-y lg-y\" id=\"image_1902339065\">\n\t\t\t\t\t\t\t\t<div class=\"img-inner dark\" >\n\t\t\t<img loading=\"lazy\" decoding=\"async\" width=\"600\" height=\"400\" src=\"https:\/\/ca.exorollingpapers.com\/wp-content\/uploads\/5-1.jpg\" class=\"attachment-large size-large\" alt=\"\" \/>\t\t\t\t\t\t\n\t\t\t\t\t<\/div>\n\t\t\t\t\t\t\t\t\n<style>\n#image_1902339065 {\n  width: 100%;\n}\n<\/style>\n\t<\/div>\n\t\n\n\t<div class=\"img has-hover x md-x lg-x y md-y lg-y\" id=\"image_959314055\">\n\t\t\t\t\t\t\t\t<div class=\"img-inner dark\" >\n\t\t\t<img loading=\"lazy\" decoding=\"async\" width=\"600\" height=\"400\" src=\"https:\/\/ca.exorollingpapers.com\/wp-content\/uploads\/6-1.jpg\" class=\"attachment-large size-large\" alt=\"\" \/>\t\t\t\t\t\t\n\t\t\t\t\t<\/div>\n\t\t\t\t\t\t\t\t\n<style>\n#image_959314055 {\n  width: 100%;\n}\n<\/style>\n\t<\/div>\n\t\n\n\t<div class=\"img has-hover x md-x lg-x y md-y lg-y\" id=\"image_1940448532\">\n\t\t\t\t\t\t\t\t<div class=\"img-inner dark\" >\n\t\t\t<img loading=\"lazy\" decoding=\"async\" width=\"1020\" height=\"680\" src=\"https:\/\/ca.exorollingpapers.com\/wp-content\/uploads\/7-1.jpg\" class=\"attachment-large size-large\" alt=\"\" srcset=\"https:\/\/ca.exorollingpapers.com\/wp-content\/uploads\/7-1.jpg 1200w, https:\/\/ca.exorollingpapers.com\/wp-content\/uploads\/7-1-800x533.jpg 800w, https:\/\/ca.exorollingpapers.com\/wp-content\/uploads\/7-1-768x512.jpg 768w\" sizes=\"auto, (max-width: 1020px) 100vw, 1020px\" \/>\t\t\t\t\t\t\n\t\t\t\t\t<\/div>\n\t\t\t\t\t\t\t\t\n<style>\n#image_1940448532 {\n  width: 100%;\n}\n<\/style>\n\t<\/div>\n\t\n\n\t<div class=\"img has-hover x md-x lg-x y md-y lg-y\" id=\"image_1400550090\">\n\t\t\t\t\t\t\t\t<div class=\"img-inner dark\" >\n\t\t\t<img loading=\"lazy\" decoding=\"async\" width=\"1020\" height=\"680\" src=\"https:\/\/ca.exorollingpapers.com\/wp-content\/uploads\/9-1.jpeg\" class=\"attachment-large size-large\" alt=\"\" srcset=\"https:\/\/ca.exorollingpapers.com\/wp-content\/uploads\/9-1.jpeg 1200w, https:\/\/ca.exorollingpapers.com\/wp-content\/uploads\/9-1-800x533.jpeg 800w, https:\/\/ca.exorollingpapers.com\/wp-content\/uploads\/9-1-768x512.jpeg 768w\" sizes=\"auto, (max-width: 1020px) 100vw, 1020px\" \/>\t\t\t\t\t\t\n\t\t\t\t\t<\/div>\n\t\t\t\t\t\t\t\t\n<style>\n#image_1400550090 {\n  width: 100%;\n}\n<\/style>\n\t<\/div>\n\t\n\n\t<div class=\"img has-hover x md-x lg-x y md-y lg-y\" id=\"image_448951153\">\n\t\t\t\t\t\t\t\t<div class=\"img-inner dark\" >\n\t\t\t<img loading=\"lazy\" decoding=\"async\" width=\"1020\" height=\"680\" src=\"https:\/\/ca.exorollingpapers.com\/wp-content\/uploads\/10-1.jpg\" class=\"attachment-large size-large\" alt=\"\" srcset=\"https:\/\/ca.exorollingpapers.com\/wp-content\/uploads\/10-1.jpg 1200w, https:\/\/ca.exorollingpapers.com\/wp-content\/uploads\/10-1-800x533.jpg 800w, https:\/\/ca.exorollingpapers.com\/wp-content\/uploads\/10-1-768x512.jpg 768w\" sizes=\"auto, (max-width: 1020px) 100vw, 1020px\" \/>\t\t\t\t\t\t\n\t\t\t\t\t<\/div>\n\t\t\t\t\t\t\t\t\n<style>\n#image_448951153 {\n  width: 100%;\n}\n<\/style>\n\t<\/div>\n\t\n\n\n     <\/div>\n\n     <div class=\"loading-spin dark large centered\"><\/div>\n\n\t<\/div>\n\n\n\n\t\t<\/div>\n\t\t\t\t\t<\/div>\n\n\t\n\n\t<div id=\"col-455086684\" class=\"col medium-6 small-12 large-6\"  >\n\t\t\t\t<div class=\"col-inner\"  >\n\t\t\t\n\t\t\t\n\n\t<div id=\"text-3978890657\" class=\"text\">\n\t\t\n\n<h3><span style=\"color: #d26e4b;\"><b>GAGNE UN KIT PLAYSTATION 5 PRO!<\/b><\/span><\/h3>\n<div>\n<p><span style=\"font-weight: 400;\">Cours la chance de vivre l\u2019exp\u00e9rience gaming de ta vie! Gagne un kit <strong>PlayStation 5 Pro<\/strong> et plonge dans un univers de jeu hors du commun. Des graphismes \u00e0 couper le souffle, une fluidit\u00e9 hors norme, et une immersion totale qui repousse les limites du jeu vid\u00e9o. Une exp\u00e9rience unique, intense et inoubliable.    \ud83c\udfae\u2728<\/span><\/p>\n<p><b>Le prix comprend :<\/b><\/p>\n<ul>\n<li style=\"font-weight: 400;\" aria-level=\"1\"><span style=\"font-weight: 400;\">Une PlayStation 5 Pro<\/span><\/li>\n<li style=\"font-weight: 400;\" aria-level=\"1\"><span style=\"font-weight: 400;\">Deux manettes de jeu sans fil DualSense<\/span><\/li>\n<li style=\"font-weight: 400;\" aria-level=\"1\"><span style=\"font-weight: 400;\">Un support vertical pour la PlayStation 5 Pro<\/span><\/li>\n<li style=\"font-weight: 400;\" aria-level=\"1\"><span style=\"font-weight: 400;\">Une station de rechargement de manette DualSense<\/span><\/li>\n<li style=\"font-weight: 400;\" aria-level=\"1\"><span style=\"font-weight: 400;\">Ajoute un abonnement de 12 mois \u00e0 Playstation Plus Premium et 2 jeux de ton choix en t\u2019abonnant \u00e0 notre page <a href=\"https:\/\/www.facebook.com\/exorollingpapers\/\" target=\"_blank\" rel=\"noopener\">Facebook<\/a> et\/ou \u00e0 notre compte <a href=\"https:\/\/www.instagram.com\/exorollingpapers\/\" target=\"_blank\" rel=\"noopener\">Instagram<\/a><\/span><\/li>\n<\/ul>\n<p><span style=\"font-weight: 400;\"><strong>Le tirage aura lieu le lundi 23 juin \u00e0 16h20 (HE)<\/strong>. Le\/la gagnant\u2e31e sera avis\u00e9\u2e31e par courriel \u00e0 la suite du tirage.<\/span><\/p>\n<\/div>\n\t\t\n<style>\n#text-3978890657 {\n  line-height: 1.4;\n}\n<\/style>\n\t<\/div>\n\t\n<div class=\"row\"  id=\"row-1583063165\">\n\n\n\t<div id=\"col-1342674573\" class=\"col small-12 large-12\"  >\n\t\t\t\t<div class=\"col-inner\"  >\n\t\t\t\n\t\t\t\n\n<div id=\"timer-779825245\" class=\"ux-timer dark\" data-text-plural=\"s\" data-text-hour=\"hour\" data-text-day=\"day\" data-text-week=\"week\" data-text-min=\"min\" data-text-sec=\"Sec\" data-text-hour-p=\"heures\" data-text-day-p=\"jours\" data-text-week-p=\"semaines\" data-text-min-p=\"mins\" data-text-sec-p=\"secs\" data-countdown=\"2025\/6\/23 16:20\"><span>&nbsp;<div class=\"loading-spin dark centered\"><\/div><strong>&nbsp;<\/strong><\/span><\/div>\n<style>\n#timer-779825245 {\n  font-size: 180%;\n}\n<\/style>\n\n\n\n\t\t<\/div>\n\t\t\t\t\n<style>\n#col-1342674573 > .col-inner {\n  margin: -18px 0px -15px -5px;\n}\n<\/style>\n\t<\/div>\n\n\t\n\n<\/div>\n<div class=\"row\"  id=\"row-216892140\">\n\n\n\t<div id=\"col-472690705\" class=\"col small-12 large-12\"  >\n\t\t\t\t<div class=\"col-inner\"  >\n\t\t\t\n\t\t\t\n\n\t<div id=\"text-2310892598\" class=\"text\">\n\t\t\n\n<p><b>Conditions :<\/b><\/p>\n<ul>\n<li style=\"font-weight: 400;\" aria-level=\"1\"><span style=\"font-weight: 400;\">Ce concours est ouvert aux r\u00e9sidents du Canada, \u00e2g\u00e9es de 18 ans et plus<\/span><\/li>\n<li style=\"font-weight: 400;\" aria-level=\"1\"><span style=\"font-weight: 400;\">Une seule participation par personne est autoris\u00e9e. Il est interdit de participer avec plusieurs adresses courriels, ce qui entra\u00eenera l&#8217;annulation de toutes vos participations <\/span><\/li>\n<li style=\"font-weight: 400;\" aria-level=\"1\"><span style=\"font-weight: 400;\">L\u2019abonnement de 12 mois \u00e0 Playstation Plus Premium et les 2 jeux seront accord\u00e9s si seulement le\/la gagnant\u2e31e est abonn\u00e9\u2e31e \u00e0 notre page <a href=\"https:\/\/www.facebook.com\/exorollingpapers\/\" target=\"_blank\" rel=\"noopener\">Facebook<\/a> et\/ou notre compte <a href=\"https:\/\/www.instagram.com\/exorollingpapers\/\" target=\"_blank\" rel=\"noopener\">Instagram<\/a><\/span><\/li>\n<li style=\"font-weight: 400;\" aria-level=\"1\"><span style=\"font-weight: 400;\">Le\/la gagnant\u2e31e aura 5 jours pour r\u00e9clamer son prix apr\u00e8s le tirage, sinon un second tirage sera effectu\u00e9 pour s\u00e9lectionner un\u2e31e autre gagnant\u2e31e.<\/span><\/li>\n<\/ul>\n<p><b>Bonne chance \u00e0 tous ! <span style=\"font-weight: 400;\">\ud83d\ude09<\/span><\/b><\/p>\n\t\t\n<style>\n#text-2310892598 {\n  line-height: 1.4;\n}\n<\/style>\n\t<\/div>\n\t\n\n\t\t<\/div>\n\t\t\t\t\n<style>\n#col-472690705 > .col-inner {\n  margin: 0px 0px -40px 0px;\n}\n<\/style>\n\t<\/div>\n\n\t\n\n<\/div>\n<div class=\"row\"  id=\"row-1115941067\">\n\n\n\t<div id=\"col-1789596734\" class=\"col small-12 large-12\"  >\n\t\t\t\t<div class=\"col-inner\"  >\n\t\t\t\n\t\t\t\n\n<div class=\"is-divider divider clearfix\" style=\"max-width:100%;\"><\/div>\n\n\t<div id=\"text-2401478486\" class=\"text hide-for-small\">\n\t\t\n\n<p><strong><span style=\"font-size: 110%;\"><span style=\"color: #d26e4b;\"><span style=\"font-size: 110%;\">BONUS<\/span><br><\/span><\/span><b>Gagne en bonus l\u2019ensemble ultime PS5 PRO d\u2019une valeur de plus de 1500$!<\/b><br><\/strong><\/p>\n<ul>\n<li style=\"font-weight: 400;\" aria-level=\"1\"><span style=\"font-weight: 400;\">Un casque PlayStation VR2 4K<\/span><\/li>\n<li style=\"font-weight: 400;\" aria-level=\"1\"><span style=\"font-weight: 400;\">Station de rechargement de manettes PSVR2<\/span><\/li>\n<li style=\"font-weight: 400;\" aria-level=\"1\"><span style=\"font-weight: 400;\">Un adaptateur pour jouer sur PC avec le PSVR2 (compatible avec les jeux steam)<\/span><\/li>\n<li style=\"font-weight: 400;\" aria-level=\"1\"><span style=\"font-weight: 400;\">Un Casque Pulse 3D Elite<\/span><\/li>\n<li style=\"font-weight: 400;\" aria-level=\"1\"><span style=\"font-weight: 400;\">Une manette de jeu DualSense Edge<\/span><\/li>\n<li style=\"font-weight: 400;\" aria-level=\"1\"><span style=\"font-weight: 400;\">Une cam\u00e9ra HD playstation<\/span><\/li>\n<li style=\"font-weight: 400;\" aria-level=\"1\"><span style=\"font-weight: 400;\">Une t\u00e9l\u00e9commande multim\u00e9dia<\/span><\/li>\n<\/ul>\n<p><span style=\"font-weight: 400;\"><strong><span style=\"color: #d26e4b;\">&gt;&gt; <\/span><\/strong>Si tu es d\u00e9j\u00e0 un\/une client\u2e31e <b>EXO<\/b>, tu es automatiquement \u00e9ligible pour gagner ce bonus. Sinon, profite de notre offre pour essayer nos papiers \u00e0 rouler et devenir \u00e9ligible pour gagner ce bonus. <\/span><\/p>\n\t\t\t<\/div>\n\t\n\t<div id=\"text-1987405439\" class=\"text show-for-medium\">\n\t\t\n\n<p><strong><span style=\"font-size: 110%;\"><span style=\"color: #d26e4b;\"><span style=\"font-size: 105%;\">BONUS<br><\/span><\/span><\/span><\/strong><b>Gagne en bonus l\u2019ensemble ultime PS5 PRO d\u2019une valeur de plus de 1500$!<\/b><\/p>\n<ul>\n<li style=\"font-weight: 400;\" aria-level=\"1\"><span style=\"font-weight: 400;\">Un casque PlayStation VR2 4K<\/span><\/li>\n<li style=\"font-weight: 400;\" aria-level=\"1\"><span style=\"font-weight: 400;\">Station de rechargement de manettes PSVR2<\/span><\/li>\n<li style=\"font-weight: 400;\" aria-level=\"1\"><span style=\"font-weight: 400;\">Un adaptateur pour jouer sur PC avec le PSVR2 (compatible avec les jeux steam)<\/span><\/li>\n<li style=\"font-weight: 400;\" aria-level=\"1\"><span style=\"font-weight: 400;\">Un Casque Pulse 3D Elite<\/span><\/li>\n<li style=\"font-weight: 400;\" aria-level=\"1\"><span style=\"font-weight: 400;\">Une manette de jeu DualSense Edge<\/span><\/li>\n<li style=\"font-weight: 400;\" aria-level=\"1\"><span style=\"font-weight: 400;\">Une cam\u00e9ra HD playstation<\/span><\/li>\n<li style=\"font-weight: 400;\" aria-level=\"1\"><span style=\"font-weight: 400;\">Une t\u00e9l\u00e9commande multim\u00e9dia<\/span><\/li>\n<\/ul>\n<p><strong><span style=\"font-weight: 400;\">Si tu es d\u00e9j\u00e0 un\/une client\u2e31e <b>EXO<\/b>, tu es automatiquement \u00e9ligible pour gagner ce bonus. Sinon, profite de notre offre pour essayer nos papiers \u00e0 rouler et devenir \u00e9ligible pour gagner ce bonus. <\/span><br><\/strong><\/p>\n\t\t\n<style>\n#text-1987405439 {\n  line-height: 1.4;\n}\n<\/style>\n\t<\/div>\n\t\n\t<div class=\"img has-hover x md-x lg-x y md-y lg-y\" id=\"image_1351067940\">\n\t\t<a class=\"\" href=\"https:\/\/ca.exorollingpapers.com\/fr\/categorie-produit\/papiers-a-rouler\/\" >\t\t\t\t\t\t<div class=\"img-inner dark\" >\n\t\t\t<img loading=\"lazy\" decoding=\"async\" width=\"600\" height=\"300\" src=\"https:\/\/ca.exorollingpapers.com\/wp-content\/uploads\/EXO_40_RP2X_FR-1.png\" class=\"attachment-large size-large\" alt=\"\" \/>\t\t\t\t\t\t\n\t\t\t\t\t<\/div>\n\t\t\t\t\t\t<\/a>\t\t\n<style>\n#image_1351067940 {\n  width: 100%;\n}\n<\/style>\n\t<\/div>\n\t\n\n<div class=\"row align-middle\"  id=\"row-1183945852\">\n\n\n\t<div id=\"col-63752633\" class=\"col small-12 large-12\"  >\n\t\t\t\t<div class=\"col-inner\" style=\"background-color:rgb(181, 206, 137);\" >\n\t\t\t\n\t\t\t\n\n<p style=\"text-align: center;\"><span style=\"font-size: 100%; color: #282828;\"><strong>CODE PROMO &gt; RP2X40 <\/strong><\/span><\/p>\n\n\t\t<\/div>\n\t\t\t\t\n<style>\n#col-63752633 > .col-inner {\n  margin: 0px 0px -20px 0px;\n}\n<\/style>\n\t<\/div>\n\n\t\n\n\t<div id=\"col-230570317\" class=\"col small-12 large-12\"  >\n\t\t\t\t<div class=\"col-inner dark\" style=\"background-color:rgb(181, 206, 137);\" >\n\t\t\t\n\t\t\t\n\n<a href=\"https:\/\/ca.exorollingpapers.com\/fr\/categorie-produit\/papiers-a-rouler\/2x-fr\/\" class=\"button primary is-larger expand\" >\n\t\t<span>ACH\u00c8TE MAINTENANT<\/span>\n\t<\/a>\n\n\n\n\t\t<\/div>\n\t\t\t\t\n<style>\n#col-230570317 > .col-inner {\n  margin: -20px 0px -40px 0px;\n}\n<\/style>\n\t<\/div>\n\n\t\n\n<\/div>\n\n\t\t<\/div>\n\t\t\t\t\n<style>\n#col-1789596734 > .col-inner {\n  margin: 0px 0px -25px 0px;\n}\n<\/style>\n\t<\/div>\n\n\t\n\n<\/div>\n\n<div class=\"row\"  id=\"row-926663576\">\n\n\n\t<div id=\"col-1646002547\" class=\"col small-12 large-12\"  >\n\t\t\t\t<div class=\"col-inner\"  >\n\t\t\t\n\t\t\t\n\n<div class=\"row\"  id=\"row-1088653004\">\n\n\n\t<div id=\"col-727775200\" class=\"col small-12 large-12\"  >\n\t\t\t\t<div class=\"col-inner\"  >\n\t\t\t\n\t<div class=\"is-border\"\n\t\tstyle=\"border-width:3px 3px 3px 3px;\">\n\t<\/div>\n\t\t\t\n\n\t<div id=\"text-1707881198\" class=\"text\">\n\t\t\n\n<p style=\"text-align: center;\"><a href=\"https:\/\/ca.exorollingpapers.com\/fr\/concours\/\"><span style=\"font-size: 120%;\"><strong>GAGNANTS\u2e31ES DES CONCOURS<\/strong><\/span><\/a><\/p>\n\t\t\n<style>\n#text-1707881198 {\n  font-size: 0.9rem;\n}\n<\/style>\n\t<\/div>\n\t\n\n\t\t<\/div>\n\t\t\t\t\n<style>\n#col-727775200 > .col-inner {\n  padding: 20px 0px 1px 0px;\n  margin: 10px 0px -10px 0px;\n}\n<\/style>\n\t<\/div>\n\n\t\n\n<\/div>\n\n\t\t<\/div>\n\t\t\t\t\n<style>\n#col-1646002547 > .col-inner {\n  margin: 0px 0px -45px 0px;\n}\n<\/style>\n\t<\/div>\n\n\t\n\n\n<style>\n#row-926663576 > .col > .col-inner {\n  padding: 0px 0px 15px 0px;\n}\n<\/style>\n<\/div>\n\n\t\t<\/div>\n\t\t\t\t\n<style>\n#col-455086684 > .col-inner {\n  margin: 0px 0px -70px 0px;\n}\n@media (min-width:550px) {\n  #col-455086684 > .col-inner {\n    margin: 0px 0px -50px 0px;\n  }\n}\n<\/style>\n\t<\/div>\n\n\t\n\n<\/div>\n\n","protected":false},"excerpt":{"rendered":"","protected":false},"author":1,"featured_media":0,"parent":0,"menu_order":0,"comment_status":"closed","ping_status":"closed","template":"","meta":{"footnotes":""},"class_list":["post-14101","page","type-page","status-publish","hentry"],"_links":{"self":[{"href":"https:\/\/ca.exorollingpapers.com\/fr\/wp-json\/wp\/v2\/pages\/14101","targetHints":{"allow":["GET"]}}],"collection":[{"href":"https:\/\/ca.exorollingpapers.com\/fr\/wp-json\/wp\/v2\/pages"}],"about":[{"href":"https:\/\/ca.exorollingpapers.com\/fr\/wp-json\/wp\/v2\/types\/page"}],"author":[{"embeddable":true,"href":"https:\/\/ca.exorollingpapers.com\/fr\/wp-json\/wp\/v2\/users\/1"}],"replies":[{"embeddable":true,"href":"https:\/\/ca.exorollingpapers.com\/fr\/wp-json\/wp\/v2\/comments?post=14101"}],"version-history":[{"count":154,"href":"https:\/\/ca.exorollingpapers.com\/fr\/wp-json\/wp\/v2\/pages\/14101\/revisions"}],"predecessor-version":[{"id":15799,"href":"https:\/\/ca.exorollingpapers.com\/fr\/wp-json\/wp\/v2\/pages\/14101\/revisions\/15799"}],"wp:attachment":[{"href":"https:\/\/ca.exorollingpapers.com\/fr\/wp-json\/wp\/v2\/media?parent=14101"}],"curies":[{"name":"wp","href":"https:\/\/api.w.org\/{rel}","templated":true}]}}