{"id":17669,"date":"2026-04-15T08:28:38","date_gmt":"2026-04-15T12:28:38","guid":{"rendered":"https:\/\/ca.exorollingpapers.com\/?post_type=product&#038;p=17669"},"modified":"2026-04-15T09:42:47","modified_gmt":"2026-04-15T13:42:47","slug":"chanvre-rg-25x","status":"publish","type":"product","link":"https:\/\/ca.exorollingpapers.com\/fr\/boutique\/chanvre-rg-25x\/","title":{"rendered":"CHANVRE RG (25X)"},"content":{"rendered":"","protected":false},"excerpt":{"rendered":"\t<div id=\"text-290191916\" class=\"text\">\n\t\t\n<p><span style=\"color: #97c34c;\"><strong><br \/>\nLIVRAISON GRATUITE ET DISCR\u00c8TE!<\/strong><\/span><br \/>\n<span style=\"font-size: 80%;\"><strong>&gt; 3 \u00c0 7 JOURS OUVRABLES<\/strong><\/span><\/p>\n<hr \/>\n<p><strong>Bo\u00eete de 25 paquets<\/strong><\/p>\n<p>Notre papier \u00e0 rouler de chanvre a \u00e9t\u00e9 con\u00e7u pour fumer du cannabis sans alt\u00e9rer le go\u00fbt de la fleur et est certifi\u00e9 100% qualit\u00e9.<\/p>\n<ul>\n<li aria-level=\"1\">Format r\u00e9gulier \/ 70mm x 36mm<\/li>\n<li style=\"font-weight: 400;\" aria-level=\"1\"><span style=\"font-weight: 400;\">50 feuilles par paquet<\/span><\/li>\n<li style=\"font-weight: 400;\" aria-level=\"1\"><span style=\"font-weight: 400;\">100% chanvre biologique<\/span><\/li>\n<li style=\"font-weight: 400;\" aria-level=\"1\"><span style=\"font-weight: 400;\">Non blanchi<\/span><\/li>\n<li style=\"font-weight: 400;\" aria-level=\"1\"><span style=\"font-weight: 400;\">Ultra mince &#8211; 13 g\/m\u00b2<\/span><\/li>\n<li style=\"font-weight: 400;\" aria-level=\"1\"><span style=\"font-weight: 400;\">Gomme arabique naturelle<\/span><\/li>\n<li style=\"font-weight: 400;\" aria-level=\"1\"><span style=\"font-weight: 400;\">Combustion lente<br \/>\n<\/span><\/li>\n<\/ul>\n<hr \/>\n\t\t\n<style>\n#text-290191916 {\n  line-height: 1.3;\n}\n<\/style>\n\t<\/div>\n\t\n","protected":false},"featured_media":0,"template":"","meta":[],"product_brand":[],"product_cat":[215,126,96,226],"product_tag":[],"class_list":{"0":"post-17669","1":"product","2":"type-product","3":"status-publish","5":"product_cat-25x-fr","6":"product_cat-chanvre-rp","7":"product_cat-papiers-a-rouler","8":"product_cat-regulier","10":"first","11":"instock","12":"taxable","13":"shipping-taxable","14":"purchasable","15":"product-type-simple"},"_links":{"self":[{"href":"https:\/\/ca.exorollingpapers.com\/fr\/wp-json\/wp\/v2\/product\/17669","targetHints":{"allow":["GET"]}}],"collection":[{"href":"https:\/\/ca.exorollingpapers.com\/fr\/wp-json\/wp\/v2\/product"}],"about":[{"href":"https:\/\/ca.exorollingpapers.com\/fr\/wp-json\/wp\/v2\/types\/product"}],"wp:attachment":[{"href":"https:\/\/ca.exorollingpapers.com\/fr\/wp-json\/wp\/v2\/media?parent=17669"}],"wp:term":[{"taxonomy":"product_brand","embeddable":true,"href":"https:\/\/ca.exorollingpapers.com\/fr\/wp-json\/wp\/v2\/product_brand?post=17669"},{"taxonomy":"product_cat","embeddable":true,"href":"https:\/\/ca.exorollingpapers.com\/fr\/wp-json\/wp\/v2\/product_cat?post=17669"},{"taxonomy":"product_tag","embeddable":true,"href":"https:\/\/ca.exorollingpapers.com\/fr\/wp-json\/wp\/v2\/product_tag?post=17669"}],"curies":[{"name":"wp","href":"https:\/\/api.w.org\/{rel}","templated":true}]}}