{"id":4815,"date":"2024-01-09T14:38:27","date_gmt":"2024-01-09T18:38:27","guid":{"rendered":"https:\/\/ca.exorollingpapers.com\/?post_type=product&#038;p=4815"},"modified":"2025-04-26T21:45:31","modified_gmt":"2025-04-27T01:45:31","slug":"exo-papiers-a-rouler-bois-ks-5x","status":"publish","type":"product","link":"https:\/\/ca.exorollingpapers.com\/fr\/boutique\/exo-papiers-a-rouler-bois-ks-5x\/","title":{"rendered":"BOIS KS (5X)"},"content":{"rendered":"","protected":false},"excerpt":{"rendered":"\t<div id=\"text-2361440762\" class=\"text\">\n\t\t\n<p><span style=\"color: #97c34c;\"><strong><br \/>\nLIVRAISON GRATUITE ET DISCR\u00c8TE!<\/strong><\/span><br \/>\n<span style=\"font-size: 80%;\"><strong>&gt; 3 \u00c0 7 JOURS OUVRABLES<\/strong><\/span><\/p>\n<hr \/>\n<p><strong>Emballage de 5 paquets<\/strong><\/p>\n<p>Notre papier \u00e0 rouler de bois a \u00e9t\u00e9 con\u00e7u pour fumer du cannabis sans alt\u00e9rer le go\u00fbt de la fleur et est certifi\u00e9 100% qualit\u00e9.<\/p>\n<ul>\n<li aria-level=\"1\">Format King Slim \/ 109mm x 44mm<\/li>\n<li style=\"font-weight: 400;\" aria-level=\"1\"><span style=\"font-weight: 400;\">32 feuilles par paquet<\/span><\/li>\n<li style=\"font-weight: 400;\" aria-level=\"1\"><span style=\"font-weight: 400;\">100% fibre de bois<\/span><\/li>\n<li style=\"font-weight: 400;\" aria-level=\"1\"><span style=\"font-weight: 400;\">Non raffin\u00e9<\/span><\/li>\n<li style=\"font-weight: 400;\" aria-level=\"1\"><span style=\"font-weight: 400;\">Non blanchi<\/span><\/li>\n<li style=\"font-weight: 400;\" aria-level=\"1\"><span style=\"font-weight: 400;\">Ultra mince &#8211; 12.5 g\/m\u00b2<\/span><\/li>\n<li style=\"font-weight: 400;\" aria-level=\"1\"><span style=\"font-weight: 400;\">Gomme arabique naturelle<\/span><\/li>\n<li style=\"font-weight: 400;\" aria-level=\"1\"><span style=\"font-weight: 400;\">Combustion lente<\/span><\/li>\n<\/ul>\n<hr \/>\n\t\t\n<style>\n#text-2361440762 {\n  line-height: 1.3;\n}\n<\/style>\n\t<\/div>\n\t\n","protected":false},"featured_media":13400,"template":"","meta":[],"product_brand":[],"product_cat":[214,156,161,96],"product_tag":[],"class_list":{"0":"post-4815","1":"product","2":"type-product","3":"status-publish","4":"has-post-thumbnail","6":"product_cat-5x-fr","7":"product_cat-bois-rp","8":"product_cat-king-slim-rp-fr","9":"product_cat-papiers-a-rouler","11":"first","12":"instock","13":"taxable","14":"shipping-taxable","15":"purchasable","16":"product-type-simple"},"_links":{"self":[{"href":"https:\/\/ca.exorollingpapers.com\/fr\/wp-json\/wp\/v2\/product\/4815","targetHints":{"allow":["GET"]}}],"collection":[{"href":"https:\/\/ca.exorollingpapers.com\/fr\/wp-json\/wp\/v2\/product"}],"about":[{"href":"https:\/\/ca.exorollingpapers.com\/fr\/wp-json\/wp\/v2\/types\/product"}],"wp:featuredmedia":[{"embeddable":true,"href":"https:\/\/ca.exorollingpapers.com\/fr\/wp-json\/wp\/v2\/media\/13400"}],"wp:attachment":[{"href":"https:\/\/ca.exorollingpapers.com\/fr\/wp-json\/wp\/v2\/media?parent=4815"}],"wp:term":[{"taxonomy":"product_brand","embeddable":true,"href":"https:\/\/ca.exorollingpapers.com\/fr\/wp-json\/wp\/v2\/product_brand?post=4815"},{"taxonomy":"product_cat","embeddable":true,"href":"https:\/\/ca.exorollingpapers.com\/fr\/wp-json\/wp\/v2\/product_cat?post=4815"},{"taxonomy":"product_tag","embeddable":true,"href":"https:\/\/ca.exorollingpapers.com\/fr\/wp-json\/wp\/v2\/product_tag?post=4815"}],"curies":[{"name":"wp","href":"https:\/\/api.w.org\/{rel}","templated":true}]}}